{"id":7123,"date":"2022-03-21T10:43:53","date_gmt":"2024-02-27T00:32:46","guid":{"rendered":"https:\/\/eu.kresstools.com\/produkt\/buerstenloser-schlagschrauber-12v-2bat-kub50-2\/"},"modified":"2024-02-27T01:32:48","modified_gmt":"2024-02-27T00:32:48","slug":"buerstenloser-schlagschrauber-12v-2bat-kub50-2","status":"publish","type":"product","link":"https:\/\/eu.kresstools.com\/de\/produkt\/buerstenloser-schlagschrauber-12v-2bat-kub50-2\/","title":{"rendered":"B\u00fcrstenloser Schlagschrauber 12V 2bat &#8211; KUB50.2"},"content":{"rendered":"<div id='av_section_1'  class='avia-section main_color avia-section-default avia-no-border-styling  avia-bg-style-scroll  avia-builder-el-0  el_before_av_section  avia-builder-el-first   container_wrap fullsize' style=' '  ><div class='container' ><main  role=\"main\" itemprop=\"mainContentOfPage\"  class='template-page content  av-content-full alpha units'><div class='post-entry post-entry-type-page post-entry-7123'><div class='entry-content-wrapper clearfix'>\n<div class=\"flex_column av_one_half  flex_column_div av-zero-column-padding first  avia-builder-el-1  el_before_av_one_half  avia-builder-el-first  \" style='border-radius:0px; '><div  class='avia-gallery  avia-gallery-1 avia_lazyload avia-gallery-animate avia_animate_when_visible  avia-builder-el-2  avia-builder-el-no-sibling '  itemprop=\"image\" itemscope=\"itemscope\" itemtype=\"https:\/\/schema.org\/ImageObject\" ><a class='avia-gallery-big fakeLightbox lightbox avia-gallery-big-crop-thumb ' href='https:\/\/eu.kresstools.com\/wp-content\/uploads\/2022\/03\/KUB50-1-1030x1030.jpg'  data-onclick='1' title='' ><span class='avia-gallery-big-inner'  itemprop=\"thumbnailUrl\" >\t<img width='1030' height='1030' src='https:\/\/eu.kresstools.com\/wp-content\/uploads\/2022\/03\/KUB50-1-1030x1030.jpg' title='KUB50' alt='' \/><\/span><\/a><div class='avia-gallery-thumb'> <a href='https:\/\/eu.kresstools.com\/wp-content\/uploads\/2022\/03\/KUB50-1-1030x1030.jpg' data-rel='gallery-1' data-prev-img='https:\/\/eu.kresstools.com\/wp-content\/uploads\/2022\/03\/KUB50-1-1030x1030.jpg' class='first_thumb lightbox ' data-onclick='1' title=''  itemprop=\"thumbnailUrl\" ><img  src='https:\/\/eu.kresstools.com\/wp-content\/uploads\/2022\/03\/KUB50-1-705x705.jpg' width='705' height='705'  title='KUB50' alt='' \/><\/a> <a href='https:\/\/eu.kresstools.com\/wp-content\/uploads\/2022\/08\/KUB50-1030x1030.jpg' data-rel='gallery-1' data-prev-img='https:\/\/eu.kresstools.com\/wp-content\/uploads\/2022\/08\/KUB50-1030x1030.jpg' class='lightbox ' data-onclick='2' title=''  itemprop=\"thumbnailUrl\" ><img  src='https:\/\/eu.kresstools.com\/wp-content\/uploads\/2022\/08\/KUB50-705x705.jpg' width='705' height='705'  title='KUB50' alt='' \/><\/a><\/div><\/div><\/div><div class=\"flex_column av_one_half  flex_column_div av-zero-column-padding   avia-builder-el-3  el_after_av_one_half  avia-builder-el-last  \" style='border-radius:0px; '><p><div  style='padding-bottom:10px; ' class='av-special-heading av-special-heading-h3    avia-builder-el-4  el_before_av_hr  avia-builder-el-first  '><h3 class='av-special-heading-tag '  itemprop=\"headline\"  >B\u00fcrstenloser Schlagschrauber 12V 2bat &#8211; KUB50.2<\/h3><div class='special-heading-border'><div class='special-heading-inner-border' ><\/div><\/div><\/div><br \/>\n<div  style='height:10px' class='hr hr-invisible   avia-builder-el-5  el_after_av_heading  el_before_av_textblock '><span class='hr-inner ' ><span class='hr-inner-style'><\/span><\/span><\/div><br \/>\n<section class=\"av_textblock_section \"  itemscope=\"itemscope\" itemtype=\"https:\/\/schema.org\/CreativeWork\" ><div class='avia_textblock  '   itemprop=\"text\" ><ul>\n<li>Professionelle b\u00fcrstenlose Technologie:\n<ul>\n<li>Bis zu 50 % mehr Autonomie<\/li>\n<li>Bis zu 25 % mehr Leistung<\/li>\n<li>Bis zu 10-mal l\u00e4ngere Lebensdauer des Motors<\/li>\n<\/ul>\n<\/li>\n<\/ul>\n<ul>\n<li>\u00c4u\u00dferst kompaktes Geh\u00e4use<\/li>\n<li>Einfache Handhabung dank 125 mm Gesamtl\u00e4nge des Geh\u00e4uses<\/li>\n<li>Schnelle Verschraubung und Befestigungsleistung<\/li>\n<li>3-Gang-Regelung mit elektronischer Steuerung<\/li>\n<li>L\u00e4ngere Lebensdauer und ausreichende Betriebszeit auch bei harten Eins\u00e4tzen<\/li>\n<\/ul>\n<\/div><\/section><br \/>\n<div  style='height:10px' class='hr hr-invisible   avia-builder-el-7  el_after_av_textblock  el_before_av_textblock '><span class='hr-inner ' ><span class='hr-inner-style'><\/span><\/span><\/div><br \/>\n<section class=\"av_textblock_section \"  itemscope=\"itemscope\" itemtype=\"https:\/\/schema.org\/CreativeWork\" ><div class='avia_textblock  '   itemprop=\"text\" ><p>Der Kress-Schlagschrauber KUB50.2 zeichnet sich durch seine kompakte Bauweise, Kraft und lange Lebensdauer dank des b\u00fcrstenlosen Motors aus.<\/p>\n<p>Der gummierte Griff macht die Arbeit einfacher und bequemer.<\/p>\n<\/div><\/section><\/p><\/div><\/div><\/div><\/main><!-- close content main element --><\/div><\/div><div id='av_section_2'  class='avia-section main_color avia-section-default avia-no-border-styling  avia-bg-style-scroll  avia-builder-el-9  el_after_av_section  el_before_av_button   container_wrap fullsize' style=' '  ><div class='container' ><div class='template-page content  av-content-full alpha units'><div class='post-entry post-entry-type-page post-entry-7123'><div class='entry-content-wrapper clearfix'>\n<div  style='padding-bottom:10px; color:#b02b2c;' class='av-special-heading av-special-heading-h3 custom-color-heading blockquote modern-quote modern-centered  avia-builder-el-10  el_before_av_table  avia-builder-el-first  '><h3 class='av-special-heading-tag '  itemprop=\"headline\"  >Technische Daten<\/h3><div class='special-heading-border'><div class='special-heading-inner-border' style='border-color:#b02b2c'><\/div><\/div><\/div>\n<div  class='avia-table main_color avia-pricing-table-container  avia_pricing_default   avia-builder-el-11  el_after_av_heading  el_before_av_heading  avia-table-1'  itemscope=\"itemscope\" itemtype=\"https:\/\/schema.org\/Table\" ><div class='pricing-table-wrap'><ul class='pricing-table '><li class=''><div class='first-table-item'>Batterie<\/div><span class='pricing-extra'><\/span><\/li><li class=''>Leerlaufdrehzahl<\/li><li class=''>Aufprallrate<\/li><li class=''>Einf\u00fcgung<\/li><li class=''>Maximales Drehmoment<\/li><li class=''>Aufladezeit<\/li><li class=''>Gewicht<\/li><\/ul><\/div><div class='pricing-table-wrap'><ul class='pricing-table '><li class=''><div class='first-table-item'>12V \/ 2*2.0AH<\/div><span class='pricing-extra'><\/span><\/li><li class=''>0-3300 U\/min<\/li><li class=''>0-1600 \/ 0-3500 \/ 0-4000 ipm<\/li><li class=''>1\/4&#8243; Sechskant<\/li><li class=''>140 Nm<\/li><li class=''>45min<\/li><li class=''>0,9kg<\/li><\/ul><\/div><\/div>\n<div  style='padding-bottom:10px; color:#b02b2c;' class='av-special-heading av-special-heading-h3 custom-color-heading blockquote modern-quote modern-centered  avia-builder-el-12  el_after_av_table  el_before_av_table  '><h3 class='av-special-heading-tag '  itemprop=\"headline\"  >Mitgeliefertes Zubeh\u00f6r<\/h3><div class='special-heading-border'><div class='special-heading-inner-border' style='border-color:#b02b2c'><\/div><\/div><\/div>\n<div  class='avia-table main_color avia-pricing-table-container  avia_pricing_default   avia-builder-el-13  el_after_av_heading  avia-builder-el-last  avia-table-2'  itemscope=\"itemscope\" itemtype=\"https:\/\/schema.org\/Table\" ><div class='pricing-table-wrap'><ul class='pricing-table '><li class=''><div class='first-table-item'>(2) 2.0Ah-Batterien<br \/><\/div><span class='pricing-extra'><\/span><\/li><li class=''>(1) Ladeger\u00e4t<br \/><\/li><li class=''>(1) Schraubenzieherspitze<\/li><li class=''>(1) Aktentasche<\/li><\/ul><\/div><\/div>\n<\/div><\/div><\/div><!-- close content main div --><\/div><\/div><div id='after_section_2'  class='main_color av_default_container_wrap container_wrap fullsize' style=' '  ><div class='container' ><div class='template-page content  av-content-full alpha units'><div class='post-entry post-entry-type-page post-entry-7123'><div class='entry-content-wrapper clearfix'><\/p>\n<div  class='avia-button-wrap avia-button-center  avia-builder-el-14  el_after_av_section  el_before_av_productgrid  avia-builder-el-first ' ><a href='https:\/\/eu.kresstools.com\/wp-content\/uploads\/2022\/03\/KUB50.2-m-20211019.pdf' class='avia-button   avia-icon_select-yes-left-icon avia-color-theme-color avia-size-small avia-position-center ' target=\"_blank\" rel=\"noopener\"><span class='avia_button_icon avia_button_icon_left ' aria-hidden='true' data-av_icon='\ue82d' data-av_iconfont='entypo-fontello'><\/span><span class='avia_iconbox_title' >Produkthandbuch herunterladen<\/span><\/a><\/div>\n<div   data-autoplay=''  data-interval='5'  data-animation='fade'  data-hoverpause='1'  class='template-shop avia-content-slider avia-content-grid-active avia-product-slider1 avia-content-slider-odd  avia-builder-el-15  el_after_av_button  avia-builder-el-last   shop_columns_3' ><div class='product-sorting'><ul class='sort-param sort-param-order'><li><span class='currently-selected'>Sortieren nach <strong>Standard<\/strong><\/span><ul><li class='current-param'><a href='?avia_extended_shop_select=yes&product_order=default' rel=\"nofollow\"><span class='avia-bullet'><\/span>Standard<\/a><\/li><li><a href='?avia_extended_shop_select=yes&product_order=menu_order' rel=\"nofollow\"><span class='avia-bullet'><\/span>Benutzerdefiniert<\/a><\/li><li><a href='?avia_extended_shop_select=yes&product_order=title' rel=\"nofollow\"><span class='avia-bullet'><\/span>Name<\/a><\/li><li><a href='?avia_extended_shop_select=yes&product_order=price' rel=\"nofollow\"><span class='avia-bullet'><\/span>Preis<\/a><\/li><li><a href='?avia_extended_shop_select=yes&product_order=date' rel=\"nofollow\"><span class='avia-bullet'><\/span>Datum<\/a><\/li><li><a href='?avia_extended_shop_select=yes&product_order=popularity' rel=\"nofollow\"><span class='avia-bullet'><\/span>Beliebtheit (Sales)<\/a><\/li><li><a href='?avia_extended_shop_select=yes&product_order=rating' rel=\"nofollow\"><span class='avia-bullet'><\/span>Durchschnittliche Bewertung<\/a><\/li><li><a href='?avia_extended_shop_select=yes&product_order=relevance' rel=\"nofollow\"><span class='avia-bullet'><\/span>Relevanz<\/a><\/li><li><a href='?avia_extended_shop_select=yes&product_order=rand' rel=\"nofollow\"><span class='avia-bullet'><\/span>Zufall<\/a><\/li><li><a href='?avia_extended_shop_select=yes&product_order=id' rel=\"nofollow\"><span class='avia-bullet'><\/span>Artikelnummer<\/a><\/li><\/ul><\/li><\/ul><ul class='sort-param sort-param-count'><li><span class='currently-selected'>Zeige <strong>9 Produkte pro Seite<\/strong><\/span><ul><li class='current-param'><a href='?paged=1&avia_extended_shop_select=yes&product_count=9' rel=\"nofollow\">\t\t<span class='avia-bullet'><\/span>9 Produkte pro Seite<\/a><\/li><li><a href='?paged=1&avia_extended_shop_select=yes&product_count=18' rel=\"nofollow\">\t<span class='avia-bullet'><\/span>18 Produkte pro Seite<\/a><\/li><li><a href='?paged=1&avia_extended_shop_select=yes&product_count=27' rel=\"nofollow\">\t<span class='avia-bullet'><\/span>27 Produkte pro Seite<\/a><\/li><\/ul><\/li><\/ul><\/div><div class='avia-content-slider-inner'><ul class=\"products\"><li class=\"product type-product post-7105 status-publish first instock product_cat-all-products-de product_cat-schraubenzieher-und-schlagschrauber has-post-thumbnail taxable shipping-taxable product-type-simple\">\n\t<div class='inner_product main_color wrapped_style noLightbox  av-product-class-'><div class='thumbnail_container'><img width=\"450\" height=\"450\" src=\"https:\/\/eu.kresstools.com\/wp-content\/uploads\/2023\/08\/KUB61-Family-1-450x450.png\" class=\"attachment-shop_catalog size-shop_catalog wp-post-image\" alt=\"\" loading=\"lazy\" srcset=\"https:\/\/eu.kresstools.com\/wp-content\/uploads\/2023\/08\/KUB61-Family-1-450x450.png 450w, https:\/\/eu.kresstools.com\/wp-content\/uploads\/2023\/08\/KUB61-Family-1-300x300.png 300w, https:\/\/eu.kresstools.com\/wp-content\/uploads\/2023\/08\/KUB61-Family-1-1030x1030.png 1030w, https:\/\/eu.kresstools.com\/wp-content\/uploads\/2023\/08\/KUB61-Family-1-80x80.png 80w, https:\/\/eu.kresstools.com\/wp-content\/uploads\/2023\/08\/KUB61-Family-1-768x768.png 768w, https:\/\/eu.kresstools.com\/wp-content\/uploads\/2023\/08\/KUB61-Family-1-36x36.png 36w, https:\/\/eu.kresstools.com\/wp-content\/uploads\/2023\/08\/KUB61-Family-1-180x180.png 180w, https:\/\/eu.kresstools.com\/wp-content\/uploads\/2023\/08\/KUB61-Family-1-705x705.png 705w, https:\/\/eu.kresstools.com\/wp-content\/uploads\/2023\/08\/KUB61-Family-1-120x120.png 120w, https:\/\/eu.kresstools.com\/wp-content\/uploads\/2023\/08\/KUB61-Family-1-600x600.png 600w, https:\/\/eu.kresstools.com\/wp-content\/uploads\/2023\/08\/KUB61-Family-1-100x100.png 100w, https:\/\/eu.kresstools.com\/wp-content\/uploads\/2023\/08\/KUB61-Family-1.png 1500w\" sizes=\"(max-width: 450px) 100vw, 450px\" \/><span class='cart-loading'><\/span><\/div><div class='inner_product_header'><div class='avia-arrow'><\/div><div class='inner_product_header_table'><div class='inner_product_header_cell'><\/div><\/div><\/div><div class='avia_cart_buttons '><a href=\"https:\/\/eu.kresstools.com\/de\/produkt\/20v-buerstenloser-schlagschrauber-ohne-akku-kub61-91\/\" data-quantity=\"1\" class=\"button product_type_simple\" data-product_id=\"7105\" data-product_sku=\"KUB61.91\" aria-label=\"Lese mehr \u00fcber &#8222;20V B\u00fcrstenloser Schlagschrauber (ohne Akku) - KUB61.91&#8220;\" rel=\"nofollow\"><span aria-hidden='true' data-av_icon='\ue859' data-av_iconfont='entypo-fontello'><\/span> Weiterlesen<\/a><a class=\"button show_details_button\" href=\"https:\/\/eu.kresstools.com\/de\/produkt\/20v-buerstenloser-schlagschrauber-ohne-akku-kub61-91\/\"><span aria-hidden='true' data-av_icon='\ue84b' data-av_iconfont='entypo-fontello'><\/span>  Details anzeigen<\/a> <span class='button-mini-delimiter'><\/span><\/div><\/div><\/li>\n<li class=\"product type-product post-7123 status-publish instock product_cat-schraubenzieher-und-schlagschrauber product_cat-werkzeuge-12v product_cat-all-products-de has-post-thumbnail taxable shipping-taxable product-type-simple\">\n\t<div class='inner_product main_color wrapped_style noLightbox  av-product-class-'><div class='thumbnail_container'><img width=\"300\" height=\"300\" src=\"https:\/\/eu.kresstools.com\/wp-content\/uploads\/2022\/03\/KUB50-1-300x300.jpg\" class=\"attachment-shop_catalog size-shop_catalog wp-post-image\" alt=\"\" loading=\"lazy\" srcset=\"https:\/\/eu.kresstools.com\/wp-content\/uploads\/2022\/03\/KUB50-1-300x300.jpg 300w, https:\/\/eu.kresstools.com\/wp-content\/uploads\/2022\/03\/KUB50-1-1030x1030.jpg 1030w, https:\/\/eu.kresstools.com\/wp-content\/uploads\/2022\/03\/KUB50-1-80x80.jpg 80w, https:\/\/eu.kresstools.com\/wp-content\/uploads\/2022\/03\/KUB50-1-768x768.jpg 768w, https:\/\/eu.kresstools.com\/wp-content\/uploads\/2022\/03\/KUB50-1-36x36.jpg 36w, https:\/\/eu.kresstools.com\/wp-content\/uploads\/2022\/03\/KUB50-1-180x180.jpg 180w, https:\/\/eu.kresstools.com\/wp-content\/uploads\/2022\/03\/KUB50-1.jpg 1500w, https:\/\/eu.kresstools.com\/wp-content\/uploads\/2022\/03\/KUB50-1-705x705.jpg 705w, https:\/\/eu.kresstools.com\/wp-content\/uploads\/2022\/03\/KUB50-1-100x100.jpg 100w, https:\/\/eu.kresstools.com\/wp-content\/uploads\/2022\/03\/KUB50-1-600x600.jpg 600w\" sizes=\"(max-width: 300px) 100vw, 300px\" \/><span class='cart-loading'><\/span><\/div><div class='inner_product_header'><div class='avia-arrow'><\/div><div class='inner_product_header_table'><div class='inner_product_header_cell'><\/div><\/div><\/div><div class='avia_cart_buttons '><a href=\"https:\/\/eu.kresstools.com\/de\/produkt\/buerstenloser-schlagschrauber-12v-2bat-kub50-2\/\" data-quantity=\"1\" class=\"button product_type_simple\" data-product_id=\"7123\" data-product_sku=\"KUB50.2\" aria-label=\"Lese mehr \u00fcber &#8222;B\u00fcrstenloser Schlagschrauber 12V 2bat - KUB50.2&#8220;\" rel=\"nofollow\"><span aria-hidden='true' data-av_icon='\ue859' data-av_iconfont='entypo-fontello'><\/span> Weiterlesen<\/a><a class=\"button show_details_button\" href=\"https:\/\/eu.kresstools.com\/de\/produkt\/buerstenloser-schlagschrauber-12v-2bat-kub50-2\/\"><span aria-hidden='true' data-av_icon='\ue84b' data-av_iconfont='entypo-fontello'><\/span>  Details anzeigen<\/a> <span class='button-mini-delimiter'><\/span><\/div><\/div><\/li>\n<li class=\"product type-product post-7113 status-publish last instock product_cat-all-products-de product_cat-hammerbohrer product_cat-schraubenzieher-und-schlagschrauber product_cat-werkzeuge-12v has-post-thumbnail taxable shipping-taxable product-type-simple\">\n\t<div class='inner_product main_color wrapped_style noLightbox  av-product-class-'><div class='thumbnail_container'><img width=\"450\" height=\"450\" src=\"https:\/\/eu.kresstools.com\/wp-content\/uploads\/2022\/10\/KUG02-450x450.png\" class=\"attachment-shop_catalog size-shop_catalog wp-post-image\" alt=\"\" loading=\"lazy\" srcset=\"https:\/\/eu.kresstools.com\/wp-content\/uploads\/2022\/10\/KUG02-450x450.png 450w, https:\/\/eu.kresstools.com\/wp-content\/uploads\/2022\/10\/KUG02-300x300.png 300w, https:\/\/eu.kresstools.com\/wp-content\/uploads\/2022\/10\/KUG02-1030x1030.png 1030w, https:\/\/eu.kresstools.com\/wp-content\/uploads\/2022\/10\/KUG02-80x80.png 80w, https:\/\/eu.kresstools.com\/wp-content\/uploads\/2022\/10\/KUG02-768x768.png 768w, https:\/\/eu.kresstools.com\/wp-content\/uploads\/2022\/10\/KUG02-1536x1536.png 1536w, https:\/\/eu.kresstools.com\/wp-content\/uploads\/2022\/10\/KUG02-36x36.png 36w, https:\/\/eu.kresstools.com\/wp-content\/uploads\/2022\/10\/KUG02-180x180.png 180w, https:\/\/eu.kresstools.com\/wp-content\/uploads\/2022\/10\/KUG02-1500x1500.png 1500w, https:\/\/eu.kresstools.com\/wp-content\/uploads\/2022\/10\/KUG02-705x705.png 705w, https:\/\/eu.kresstools.com\/wp-content\/uploads\/2022\/10\/KUG02-120x120.png 120w, https:\/\/eu.kresstools.com\/wp-content\/uploads\/2022\/10\/KUG02-600x600.png 600w, https:\/\/eu.kresstools.com\/wp-content\/uploads\/2022\/10\/KUG02-100x100.png 100w, https:\/\/eu.kresstools.com\/wp-content\/uploads\/2022\/10\/KUG02.png 2000w\" sizes=\"(max-width: 450px) 100vw, 450px\" \/><span class='cart-loading'><\/span><\/div><div class='inner_product_header'><div class='avia-arrow'><\/div><div class='inner_product_header_table'><div class='inner_product_header_cell'><\/div><\/div><\/div><div class='avia_cart_buttons '><a href=\"https:\/\/eu.kresstools.com\/de\/produkt\/combo-12v-hammerbohrer-bl-schlagschrauber-bl12v-2bat-kug02\/\" data-quantity=\"1\" class=\"button product_type_simple\" data-product_id=\"7113\" data-product_sku=\"KUG02\" aria-label=\"Lese mehr \u00fcber &#8222;Combo 12V - Hammerbohrer BL + Schlagschrauber BL12V 2bat - KUG02&#8220;\" rel=\"nofollow\"><span aria-hidden='true' data-av_icon='\ue859' data-av_iconfont='entypo-fontello'><\/span> Weiterlesen<\/a><a class=\"button show_details_button\" href=\"https:\/\/eu.kresstools.com\/de\/produkt\/combo-12v-hammerbohrer-bl-schlagschrauber-bl12v-2bat-kug02\/\"><span aria-hidden='true' data-av_icon='\ue84b' data-av_iconfont='entypo-fontello'><\/span>  Details anzeigen<\/a> <span class='button-mini-delimiter'><\/span><\/div><\/div><\/li>\n<\/ul><\/div><\/div><div class=\"clear\"><\/div>\n","protected":false},"excerpt":{"rendered":"","protected":false},"featured_media":6794,"template":"","meta":[],"product_cat":[629,624,608],"product_tag":[],"_links":{"self":[{"href":"https:\/\/eu.kresstools.com\/de\/wp-json\/wp\/v2\/product\/7123"}],"collection":[{"href":"https:\/\/eu.kresstools.com\/de\/wp-json\/wp\/v2\/product"}],"about":[{"href":"https:\/\/eu.kresstools.com\/de\/wp-json\/wp\/v2\/types\/product"}],"wp:featuredmedia":[{"embeddable":true,"href":"https:\/\/eu.kresstools.com\/de\/wp-json\/wp\/v2\/media\/6794"}],"wp:attachment":[{"href":"https:\/\/eu.kresstools.com\/de\/wp-json\/wp\/v2\/media?parent=7123"}],"wp:term":[{"taxonomy":"product_cat","embeddable":true,"href":"https:\/\/eu.kresstools.com\/de\/wp-json\/wp\/v2\/product_cat?post=7123"},{"taxonomy":"product_tag","embeddable":true,"href":"https:\/\/eu.kresstools.com\/de\/wp-json\/wp\/v2\/product_tag?post=7123"}],"curies":[{"name":"wp","href":"https:\/\/api.w.org\/{rel}","templated":true}]}}