{"id":7116,"date":"2022-10-14T16:54:00","date_gmt":"2024-02-27T00:31:50","guid":{"rendered":"https:\/\/eu.kresstools.com\/produkt\/20v-buerstenloser-schlagschrauber-ohne-akku-kub35-91-2\/"},"modified":"2024-06-27T07:45:18","modified_gmt":"2024-06-27T05:45:18","slug":"20v-buerstenloser-schlagschrauber-ohne-akku-kub35-91-2","status":"publish","type":"product","link":"https:\/\/eu.kresstools.com\/de\/produkt\/20v-buerstenloser-schlagschrauber-ohne-akku-kub35-91-2\/","title":{"rendered":"20V B\u00fcrstenloser Schlagschrauber (ohne Akku) &#8211; KUB35.91"},"content":{"rendered":"<div id='av_section_1'  class='avia-section main_color avia-section-default avia-no-border-styling  avia-bg-style-scroll  avia-builder-el-0  el_before_av_heading  avia-builder-el-first   container_wrap fullsize' style=' '  ><div class='container' ><main  role=\"main\" itemprop=\"mainContentOfPage\"  class='template-page content  av-content-full alpha units'><div class='post-entry post-entry-type-page post-entry-7116'><div class='entry-content-wrapper clearfix'>\n<div class=\"flex_column av_one_half  flex_column_div av-zero-column-padding first  avia-builder-el-1  el_before_av_one_half  avia-builder-el-first  \" style='border-radius:0px; '><div  class='avia-gallery  avia-gallery-1 avia_lazyload avia-gallery-animate avia_animate_when_visible  avia-builder-el-2  avia-builder-el-no-sibling '  itemprop=\"image\" itemscope=\"itemscope\" itemtype=\"https:\/\/schema.org\/ImageObject\" ><a class='avia-gallery-big fakeLightbox lightbox avia-gallery-big-crop-thumb ' href='https:\/\/eu.kresstools.com\/wp-content\/uploads\/2022\/10\/KUB35.91_1-1030x1030.png'  data-onclick='1' title='' ><span class='avia-gallery-big-inner'  itemprop=\"thumbnailUrl\" >\t<img width='1030' height='1030' src='https:\/\/eu.kresstools.com\/wp-content\/uploads\/2022\/10\/KUB35.91_1-1030x1030.png' title='KUB35.91_1' alt='' \/><\/span><\/a><div class='avia-gallery-thumb'> <a href='https:\/\/eu.kresstools.com\/wp-content\/uploads\/2022\/10\/KUB35.91_1-1030x1030.png' data-rel='gallery-1' data-prev-img='https:\/\/eu.kresstools.com\/wp-content\/uploads\/2022\/10\/KUB35.91_1-1030x1030.png' class='first_thumb lightbox ' data-onclick='1' title=''  itemprop=\"thumbnailUrl\" ><img  src='https:\/\/eu.kresstools.com\/wp-content\/uploads\/2022\/10\/KUB35.91_1-705x705.png' width='705' height='705'  title='KUB35.91_1' alt='' \/><\/a> <a href='https:\/\/eu.kresstools.com\/wp-content\/uploads\/2022\/10\/KUB35.91_Main-1030x1030.png' data-rel='gallery-1' data-prev-img='https:\/\/eu.kresstools.com\/wp-content\/uploads\/2022\/10\/KUB35.91_Main-1030x1030.png' class='lightbox ' data-onclick='2' title=''  itemprop=\"thumbnailUrl\" ><img  src='https:\/\/eu.kresstools.com\/wp-content\/uploads\/2022\/10\/KUB35.91_Main-705x705.png' width='705' height='705'  title='KUB35.91_Main' alt='' \/><\/a> <a href='https:\/\/eu.kresstools.com\/wp-content\/uploads\/2022\/10\/KUB35.91_5-1030x1030.png' data-rel='gallery-1' data-prev-img='https:\/\/eu.kresstools.com\/wp-content\/uploads\/2022\/10\/KUB35.91_5-1030x1030.png' class='lightbox ' data-onclick='3' title=''  itemprop=\"thumbnailUrl\" ><img  src='https:\/\/eu.kresstools.com\/wp-content\/uploads\/2022\/10\/KUB35.91_5-705x705.png' width='705' height='705'  title='KUB35.91_5' alt='' \/><\/a> <a href='https:\/\/eu.kresstools.com\/wp-content\/uploads\/2022\/10\/KUB35.91-Family-1030x1030.png' data-rel='gallery-1' data-prev-img='https:\/\/eu.kresstools.com\/wp-content\/uploads\/2022\/10\/KUB35.91-Family-1030x1030.png' class='lightbox ' data-onclick='4' title=''  itemprop=\"thumbnailUrl\" ><img  src='https:\/\/eu.kresstools.com\/wp-content\/uploads\/2022\/10\/KUB35.91-Family-705x705.png' width='705' height='705'  title='KUB35.91-Family' alt='' \/><\/a><\/div><\/div><\/div><div class=\"flex_column av_one_half  flex_column_div av-zero-column-padding   avia-builder-el-3  el_after_av_one_half  avia-builder-el-last  \" style='border-radius:0px; '><p><div  style='padding-bottom:10px; ' class='av-special-heading av-special-heading-h3    avia-builder-el-4  el_before_av_hr  avia-builder-el-first  '><h3 class='av-special-heading-tag '  itemprop=\"headline\"  >20V B\u00fcrstenloser Schlagschrauber (ohne Akku) &#8211; KUB35.91<\/h3><div class='special-heading-border'><div class='special-heading-inner-border' ><\/div><\/div><\/div><br \/>\n<div  style='height:10px' class='hr hr-invisible   avia-builder-el-5  el_after_av_heading  el_before_av_textblock '><span class='hr-inner ' ><span class='hr-inner-style'><\/span><\/span><\/div><br \/>\n<section class=\"av_textblock_section \"  itemscope=\"itemscope\" itemtype=\"https:\/\/schema.org\/CreativeWork\" ><div class='avia_textblock  '   itemprop=\"text\" ><ul>\n<li>Professionelle b\u00fcrstenlose Technologie:\n<ul>\n<li>Bis zu 50 % mehr Autonomie<\/li>\n<li>Bis zu 25 % mehr Leistung<\/li>\n<li>Bis zu 10-mal l\u00e4ngere Lebensdauer des Motors.<\/li>\n<\/ul>\n<\/li>\n<\/ul>\n<ul>\n<li>Leistungsstarkes Drehmoment von 1700Nm mit hoher Anzugsleistung und 2100Nm Anzugsdrehmoment f\u00fcr Muttern<\/li>\n<li>Mega Power System sorgt f\u00fcr ein konstantes Anzugsdrehmoment<\/li>\n<li>3\/4&#8243;-Amboss mit Reibring f\u00fcr schnellen und einfachen H\u00fclsenwechsel<\/li>\n<li>Die R\u00fcckw\u00e4rtsdrehung mit automatischem Stopp stoppt die Drehung nach dem L\u00f6sen der Schrauben.<\/li>\n<li>Variable 3-Geschwindigkeitsregelung passt sich allen Anwendungen an + automatische Abschaltung<\/li>\n<li>LED-Arbeitsleuchte f\u00fcr dunkle Bereiche mit 20s Ausschaltverz\u00f6gerung<\/li>\n<li>Kross Pack. Akku abnehmbar und austauschbar mit allen Elektrowerkzeugen der Kress 20V-Reihe.<\/li>\n<\/ul>\n<\/div><\/section><br \/>\n<div  style='height:10px' class='hr hr-invisible   avia-builder-el-7  el_after_av_textblock  avia-builder-el-last '><span class='hr-inner ' ><span class='hr-inner-style'><\/span><\/span><\/div><\/p><\/div><\/div><\/div><\/main><!-- close content main element --><\/div><\/div><div id='after_section_1'  class='main_color av_default_container_wrap container_wrap fullsize' style=' '  ><div class='container' ><div class='template-page content  av-content-full alpha units'><div class='post-entry post-entry-type-page post-entry-7116'><div class='entry-content-wrapper clearfix'><div  style='padding-bottom:10px; color:#b02b2c;' class='av-special-heading av-special-heading-h3 custom-color-heading blockquote modern-quote modern-centered  avia-builder-el-8  el_after_av_section  el_before_av_section  avia-builder-el-no-sibling  '><h3 class='av-special-heading-tag '  itemprop=\"headline\"  >Technische Daten<\/h3><div class='special-heading-border'><div class='special-heading-inner-border' style='border-color:#b02b2c'><\/div><\/div><\/div><\/p>\n<\/div><\/div><\/div><!-- close content main div --><\/div><\/div><div id='av_section_2'  class='avia-section main_color avia-section-default avia-no-border-styling  avia-bg-style-scroll  avia-builder-el-9  el_after_av_heading  el_before_av_button   container_wrap fullsize' style=' '  ><div class='container' ><div class='template-page content  av-content-full alpha units'><div class='post-entry post-entry-type-page post-entry-7116'><div class='entry-content-wrapper clearfix'>\n<div  class='avia-table main_color avia-pricing-table-container  avia_pricing_default   avia-builder-el-10  el_before_av_heading  avia-builder-el-first  avia-table-1'  itemscope=\"itemscope\" itemtype=\"https:\/\/schema.org\/Table\" ><div class='pricing-table-wrap'><ul class='pricing-table '><li class=''><div class='first-table-item'>Batterie<\/div><span class='pricing-extra'><\/span><\/li><li class=''>Leerlaufdrehzahl<\/li><li class=''>Aufprallrate<\/li><li class=''>Einf\u00fcgung<\/li><li class=''>Maximales Drehmoment<\/li><li class=''>Aufladezeit<\/li><li class=''>Gewicht<\/li><\/ul><\/div><div class='pricing-table-wrap'><ul class='pricing-table '><li class=''><div class='first-table-item'>20V \/ Batterie nicht enthalten<\/div><span class='pricing-extra'><\/span><\/li><li class=''>0-900 \/ 0-1.100 \/ 0-1.800 U\/min<\/li><li class=''>0-1.000 \/ 0-1.600 \/ 0-2.400 ipm<\/li><li class=''>3\/4&#8243; Quadrat<\/li><li class=''>1.700 Nm<br \/>\nund 2.100Nm beim Anziehen der Mutter<\/li><li class=''>Ladeger\u00e4t nicht enthalten<\/li><li class=''>3,4kg<\/li><\/ul><\/div><\/div>\n<div  style='padding-bottom:10px; color:#b02b2c;' class='av-special-heading av-special-heading-h3 custom-color-heading blockquote modern-quote modern-centered  avia-builder-el-11  el_after_av_table  el_before_av_table  '><h3 class='av-special-heading-tag '  itemprop=\"headline\"  >Mitgeliefertes Zubeh\u00f6r<\/h3><div class='special-heading-border'><div class='special-heading-inner-border' style='border-color:#b02b2c'><\/div><\/div><\/div>\n<div  class='avia-table main_color avia-pricing-table-container  avia_pricing_default   avia-builder-el-12  el_after_av_heading  avia-builder-el-last  avia-table-2'  itemscope=\"itemscope\" itemtype=\"https:\/\/schema.org\/Table\" ><div class='pricing-table-wrap'><ul class='pricing-table '><li class=''><div class='first-table-item'>(1) Aktentasche<\/div><span class='pricing-extra'><\/span><\/li><\/ul><\/div><\/div>\n<\/div><\/div><\/div><!-- close content main div --><\/div><\/div><div id='after_section_2'  class='main_color av_default_container_wrap container_wrap fullsize' style=' '  ><div class='container' ><div class='template-page content  av-content-full alpha units'><div class='post-entry post-entry-type-page post-entry-7116'><div class='entry-content-wrapper clearfix'>\n<div  class='avia-button-wrap avia-button-center  avia-builder-el-13  el_after_av_section  avia-builder-el-no-sibling ' ><a href='https:\/\/eu.kresstools.com\/wp-content\/uploads\/2022\/10\/9L-KUB35.91-M-20220512.pdf' class='avia-button   avia-icon_select-yes-left-icon avia-color-theme-color avia-size-small avia-position-center ' target=\"_blank\" rel=\"noopener\"><span class='avia_button_icon avia_button_icon_left ' aria-hidden='true' data-av_icon='\ue82d' data-av_iconfont='entypo-fontello'><\/span><span class='avia_iconbox_title' >Produkthandbuch<\/span><\/a><\/div>\n","protected":false},"excerpt":{"rendered":"","protected":false},"featured_media":6894,"template":"","meta":[],"product_cat":[625,608],"product_tag":[],"_links":{"self":[{"href":"https:\/\/eu.kresstools.com\/de\/wp-json\/wp\/v2\/product\/7116"}],"collection":[{"href":"https:\/\/eu.kresstools.com\/de\/wp-json\/wp\/v2\/product"}],"about":[{"href":"https:\/\/eu.kresstools.com\/de\/wp-json\/wp\/v2\/types\/product"}],"wp:featuredmedia":[{"embeddable":true,"href":"https:\/\/eu.kresstools.com\/de\/wp-json\/wp\/v2\/media\/6894"}],"wp:attachment":[{"href":"https:\/\/eu.kresstools.com\/de\/wp-json\/wp\/v2\/media?parent=7116"}],"wp:term":[{"taxonomy":"product_cat","embeddable":true,"href":"https:\/\/eu.kresstools.com\/de\/wp-json\/wp\/v2\/product_cat?post=7116"},{"taxonomy":"product_tag","embeddable":true,"href":"https:\/\/eu.kresstools.com\/de\/wp-json\/wp\/v2\/product_tag?post=7116"}],"curies":[{"name":"wp","href":"https:\/\/api.w.org\/{rel}","templated":true}]}}