{"id":7106,"date":"2023-08-03T09:49:22","date_gmt":"2024-02-27T00:29:48","guid":{"rendered":"https:\/\/eu.kresstools.com\/produkt\/buerstenlose-schleifmaschine-125mm-20v-ohne-akku-kuh10-91\/"},"modified":"2024-02-27T03:25:16","modified_gmt":"2024-02-27T02:25:16","slug":"buerstenlose-schleifmaschine-125mm-20v-ohne-akku-kuh10-91","status":"publish","type":"product","link":"https:\/\/eu.kresstools.com\/de\/produkt\/buerstenlose-schleifmaschine-125mm-20v-ohne-akku-kuh10-91\/","title":{"rendered":"B\u00fcrstenloser Winkelschleifer 125mm 20V (ohne Akku)- KUH10.91"},"content":{"rendered":"<div id='av_section_1'  class='avia-section main_color avia-section-default avia-no-border-styling  avia-bg-style-scroll  avia-builder-el-0  el_before_av_heading  avia-builder-el-first   container_wrap fullsize' style=' '  ><div class='container' ><main  role=\"main\" itemprop=\"mainContentOfPage\"  class='template-page content  av-content-full alpha units'><div class='post-entry post-entry-type-page post-entry-7106'><div class='entry-content-wrapper clearfix'>\n<div class=\"flex_column av_one_half  flex_column_div av-zero-column-padding first  avia-builder-el-1  el_before_av_one_half  avia-builder-el-first  \" style='border-radius:0px; '><div  class='avia-gallery  avia-gallery-1 avia_lazyload avia-gallery-animate avia_animate_when_visible  avia-builder-el-2  avia-builder-el-no-sibling '  itemprop=\"image\" itemscope=\"itemscope\" itemtype=\"https:\/\/schema.org\/ImageObject\" ><a class='avia-gallery-big fakeLightbox lightbox avia-gallery-big-crop-thumb ' href='https:\/\/eu.kresstools.com\/wp-content\/uploads\/2023\/08\/KUH10.91-KUH10.9_Angle-1030x1030.png'  data-onclick='1' title='' ><span class='avia-gallery-big-inner'  itemprop=\"thumbnailUrl\" >\t<img width='1030' height='1030' src='https:\/\/eu.kresstools.com\/wp-content\/uploads\/2023\/08\/KUH10.91-KUH10.9_Angle-1030x1030.png' title='KUH10.91 KUH10.9_Angle' alt='' \/><\/span><\/a><div class='avia-gallery-thumb'> <a href='https:\/\/eu.kresstools.com\/wp-content\/uploads\/2023\/08\/KUH10.91-KUH10.9_Angle-1030x1030.png' data-rel='gallery-1' data-prev-img='https:\/\/eu.kresstools.com\/wp-content\/uploads\/2023\/08\/KUH10.91-KUH10.9_Angle-1030x1030.png' class='first_thumb lightbox ' data-onclick='1' title=''  itemprop=\"thumbnailUrl\" ><img  src='https:\/\/eu.kresstools.com\/wp-content\/uploads\/2023\/08\/KUH10.91-KUH10.9_Angle-1030x1030.png' width='1030' height='1030'  title='KUH10.91 KUH10.9_Angle' alt='' \/><\/a> <a href='https:\/\/eu.kresstools.com\/wp-content\/uploads\/2023\/08\/KUH10.91-KUH10.9_Front-1030x1030.png' data-rel='gallery-1' data-prev-img='https:\/\/eu.kresstools.com\/wp-content\/uploads\/2023\/08\/KUH10.91-KUH10.9_Front-1030x1030.png' class='lightbox ' data-onclick='2' title=''  itemprop=\"thumbnailUrl\" ><img  src='https:\/\/eu.kresstools.com\/wp-content\/uploads\/2023\/08\/KUH10.91-KUH10.9_Front-1030x1030.png' width='1030' height='1030'  title='KUH10.91 KUH10.9_Front' alt='' \/><\/a> <a href='https:\/\/eu.kresstools.com\/wp-content\/uploads\/2023\/08\/KUH10.2-KUH10.91-KUH10.9_Handle-1030x1030.png' data-rel='gallery-1' data-prev-img='https:\/\/eu.kresstools.com\/wp-content\/uploads\/2023\/08\/KUH10.2-KUH10.91-KUH10.9_Handle-1030x1030.png' class='lightbox ' data-onclick='3' title=''  itemprop=\"thumbnailUrl\" ><img  src='https:\/\/eu.kresstools.com\/wp-content\/uploads\/2023\/08\/KUH10.2-KUH10.91-KUH10.9_Handle-1030x1030.png' width='1030' height='1030'  title='KUH10.2 KUH10.91 KUH10.9_Handle' alt='' \/><\/a> <a href='https:\/\/eu.kresstools.com\/wp-content\/uploads\/2023\/08\/KUH10.2-KUH10.91-KUH10.9_Switch-1030x1030.png' data-rel='gallery-1' data-prev-img='https:\/\/eu.kresstools.com\/wp-content\/uploads\/2023\/08\/KUH10.2-KUH10.91-KUH10.9_Switch-1030x1030.png' class='lightbox ' data-onclick='4' title=''  itemprop=\"thumbnailUrl\" ><img  src='https:\/\/eu.kresstools.com\/wp-content\/uploads\/2023\/08\/KUH10.2-KUH10.91-KUH10.9_Switch-1030x1030.png' width='1030' height='1030'  title='KUH10.2 KUH10.91 KUH10.9_Switch' alt='' \/><\/a> <a href='https:\/\/eu.kresstools.com\/wp-content\/uploads\/2023\/08\/KUH10.91_Family-1030x1030.png' data-rel='gallery-1' data-prev-img='https:\/\/eu.kresstools.com\/wp-content\/uploads\/2023\/08\/KUH10.91_Family-1030x1030.png' class='lightbox ' data-onclick='5' title=''  itemprop=\"thumbnailUrl\" ><img  src='https:\/\/eu.kresstools.com\/wp-content\/uploads\/2023\/08\/KUH10.91_Family-1030x1030.png' width='1030' height='1030'  title='KUH10.91_Familie' alt='' \/><\/a><\/div><\/div><\/div><div class=\"flex_column av_one_half  flex_column_div av-zero-column-padding   avia-builder-el-3  el_after_av_one_half  avia-builder-el-last  \" style='border-radius:0px; '><p><div  style='padding-bottom:10px; ' class='av-special-heading av-special-heading-h3    avia-builder-el-4  el_before_av_hr  avia-builder-el-first  '><h3 class='av-special-heading-tag '  itemprop=\"headline\"  >B\u00fcrstenlose Schleifmaschine 125mm 20V (ohne Akku)- KUH10.91<\/h3><div class='special-heading-border'><div class='special-heading-inner-border' ><\/div><\/div><\/div><br \/>\n<div  style='height:10px' class='hr hr-invisible   avia-builder-el-5  el_after_av_heading  el_before_av_textblock '><span class='hr-inner ' ><span class='hr-inner-style'><\/span><\/span><\/div><br \/>\n<section class=\"av_textblock_section \"  itemscope=\"itemscope\" itemtype=\"https:\/\/schema.org\/CreativeWork\" ><div class='avia_textblock  '   itemprop=\"text\" ><ul>\n<li>Professionelle b\u00fcrstenlose Technologie: Bis zu 50% mehr Reichweite, bis zu 25% mehr Leistung, bis zu 10-mal l\u00e4ngere Lebensdauer des Motors<\/li>\n<li>Anti-Reboot-System zur Vermeidung von Unf\u00e4llen mit pr\u00e4ziser elektronischer Steuerungstechnik<\/li>\n<li>Ummantelter Gummigriff<\/li>\n<li>Variable 3-Gang-Ausf\u00fchrung.<\/li>\n<li>Schnelles Einstellen des Scheibenschutzes<\/li>\n<li>Abnehmbares staubdichtes Teil<\/li>\n<li>Kross Pack. Akku abnehmbar und austauschbar mit allen Elektrowerkzeugen der Kress 20V-Reihe.<\/li>\n<\/ul>\n<\/div><\/section><br \/>\n<div  style='height:10px' class='hr hr-invisible   avia-builder-el-7  el_after_av_textblock  el_before_av_textblock '><span class='hr-inner ' ><span class='hr-inner-style'><\/span><\/span><\/div><br \/>\n<section class=\"av_textblock_section \"  itemscope=\"itemscope\" itemtype=\"https:\/\/schema.org\/CreativeWork\" ><div class='avia_textblock  '   itemprop=\"text\" ><p class=\"m-product_hightlights__paragraph\">Der akkubetriebene Kress-Schleifer KUH10 bietet dank seines b\u00fcrstenlosen Motors eine hohe Leistung, die wiederum eine gr\u00f6\u00dfere Autonomie und eine l\u00e4ngere Lebensdauer des Werkzeugs erm\u00f6glicht. Er hat 3 Geschwindigkeiten bis zu 8500 Umdrehungen pro Minute.<\/p>\n<ul>\n<li><span class=\"tlid-translation translation\" lang=\"en\"><span title=\"\">1o &#8211; 0-3500 U\/min &#8211; poliert<\/span><\/span><\/li>\n<li><span class=\"tlid-translation translation\" lang=\"en\"><span title=\"\">2o &#8211; 0-6000 U\/min &#8211; Entrosten, Polieren<\/span><\/span><\/li>\n<li><span class=\"tlid-translation translation\" lang=\"en\"><span title=\"\">3o &#8211; 0-8500 U\/min &#8211; Schneiden \/ Schleifen<\/span><\/span><\/li>\n<\/ul>\n<p><span class=\"tlid-translation translation\" lang=\"en\"><span title=\"\">Der staubdichte Filtersockel garantiert eine l\u00e4ngere Lebensdauer und vermeidet Bruchsch\u00e4den. Die Maschine ist leicht und verf\u00fcgt \u00fcber eine gummierte und verst\u00e4rkte Struktur f\u00fcr mehr Komfort bei der Benutzung.  <\/span><\/span><\/p>\n<\/div><\/section><\/p><\/div><\/div><\/div><\/main><!-- close content main element --><\/div><\/div><div id='after_section_1'  class='main_color av_default_container_wrap container_wrap fullsize' style=' '  ><div class='container' ><div class='template-page content  av-content-full alpha units'><div class='post-entry post-entry-type-page post-entry-7106'><div class='entry-content-wrapper clearfix'><div  style='padding-bottom:10px; color:#b02b2c;' class='av-special-heading av-special-heading-h3 custom-color-heading blockquote modern-quote modern-centered  avia-builder-el-9  el_after_av_section  el_before_av_table  avia-builder-el-first  '><h3 class='av-special-heading-tag '  itemprop=\"headline\"  >Technische Daten<\/h3><div class='special-heading-border'><div class='special-heading-inner-border' style='border-color:#b02b2c'><\/div><\/div><\/div><\/p>\n<div  class='avia-table main_color avia-pricing-table-container  avia_pricing_default   avia-builder-el-10  el_after_av_heading  el_before_av_heading  avia-table-1'  itemscope=\"itemscope\" itemtype=\"https:\/\/schema.org\/Table\" ><div class='pricing-table-wrap'><ul class='pricing-table '><li class=''><div class='first-table-item'>Batterie<\/div><span class='pricing-extra'><\/span><\/li><li class=''>Leerlaufdrehzahl<\/li><li class=''>Durchmesser der Scheibe<\/li><li class=''>Metrische Spindel<\/li><li class=''>Aufladezeit<\/li><li class=''>Gewicht<\/li><\/ul><\/div><div class='pricing-table-wrap'><ul class='pricing-table '><li class=''><div class='first-table-item'>20V \/ Batterie nicht enthalten<\/div><span class='pricing-extra'><\/span><\/li><li class=''>3500 \/ 6000 \/ 8500 U\/min.<\/li><li class=''>125 mm<\/li><li class=''>M14<\/li><li class=''>Ladeger\u00e4t nicht enthalten<\/li><li class=''>1,7 kg<\/li><\/ul><\/div><\/div>\n<div  style='padding-bottom:10px; color:#b02b2c;' class='av-special-heading av-special-heading-h3 custom-color-heading blockquote modern-quote modern-centered  avia-builder-el-11  el_after_av_table  el_before_av_table  '><h3 class='av-special-heading-tag '  itemprop=\"headline\"  >Mitgeliefertes Zubeh\u00f6r<\/h3><div class='special-heading-border'><div class='special-heading-inner-border' style='border-color:#b02b2c'><\/div><\/div><\/div>\n<div  class='avia-table main_color avia-pricing-table-container  avia_pricing_default   avia-builder-el-12  el_after_av_heading  el_before_av_button  avia-table-2'  itemscope=\"itemscope\" itemtype=\"https:\/\/schema.org\/Table\" ><div class='pricing-table-wrap'><ul class='pricing-table '><li class=''><div class='first-table-item'>(1) Hilfsgriff<\/div><span class='pricing-extra'><\/span><\/li><li class=''>(1) Schruppschild<\/li><li class=''>(1) Schl\u00fcssel zum Scheibenwechsel<\/li><li class=''>(1) Stapelbarer Koffer<\/li><\/ul><\/div><\/div>\n<div  class='avia-button-wrap avia-button-center  avia-builder-el-13  el_after_av_table  el_before_av_section  avia-builder-el-last ' ><a href='https:\/\/eu.kresstools.com\/wp-content\/uploads\/2023\/08\/9L-KUH10-KUH10.2-KUH10.91-M-20220622-\u6539\u5730\u5740.pdf' class='avia-button   avia-icon_select-yes-left-icon avia-color-theme-color avia-size-small avia-position-center ' target=\"_blank\" rel=\"noopener\"><span class='avia_button_icon avia_button_icon_left ' aria-hidden='true' data-av_icon='\ue82d' data-av_iconfont='entypo-fontello'><\/span><span class='avia_iconbox_title' >Produkthandbuch herunterladen<\/span><\/a><\/div>\n<\/div><\/div><\/div><!-- close content main div --><\/div><\/div><div id='av_section_2'  class='avia-section main_color avia-section-default avia-no-border-styling  avia-bg-style-scroll  avia-builder-el-14  el_after_av_button  avia-builder-el-last   container_wrap fullsize' style=' '  ><div class='container' ><div class='template-page content  av-content-full alpha units'><div class='post-entry post-entry-type-page post-entry-7106'><div class='entry-content-wrapper clearfix'>\n<div   data-autoplay=''  data-interval='5'  data-animation='fade'  data-hoverpause='1'  class='template-shop avia-content-slider avia-content-grid-active avia-product-slider1 avia-content-slider-odd  avia-builder-el-15  avia-builder-el-no-sibling   shop_columns_3' ><div class='product-sorting'><ul class='sort-param sort-param-order'><li><span class='currently-selected'>Sortieren nach <strong>Standard<\/strong><\/span><ul><li class='current-param'><a href='?avia_extended_shop_select=yes&product_order=default' rel=\"nofollow\"><span class='avia-bullet'><\/span>Standard<\/a><\/li><li><a href='?avia_extended_shop_select=yes&product_order=menu_order' rel=\"nofollow\"><span class='avia-bullet'><\/span>Benutzerdefiniert<\/a><\/li><li><a href='?avia_extended_shop_select=yes&product_order=title' rel=\"nofollow\"><span class='avia-bullet'><\/span>Name<\/a><\/li><li><a href='?avia_extended_shop_select=yes&product_order=price' rel=\"nofollow\"><span class='avia-bullet'><\/span>Preis<\/a><\/li><li><a href='?avia_extended_shop_select=yes&product_order=date' rel=\"nofollow\"><span class='avia-bullet'><\/span>Datum<\/a><\/li><li><a href='?avia_extended_shop_select=yes&product_order=popularity' rel=\"nofollow\"><span class='avia-bullet'><\/span>Beliebtheit (Sales)<\/a><\/li><li><a href='?avia_extended_shop_select=yes&product_order=rating' rel=\"nofollow\"><span class='avia-bullet'><\/span>Durchschnittliche Bewertung<\/a><\/li><li><a href='?avia_extended_shop_select=yes&product_order=relevance' rel=\"nofollow\"><span class='avia-bullet'><\/span>Relevanz<\/a><\/li><li><a href='?avia_extended_shop_select=yes&product_order=rand' rel=\"nofollow\"><span class='avia-bullet'><\/span>Zufall<\/a><\/li><li><a href='?avia_extended_shop_select=yes&product_order=id' rel=\"nofollow\"><span class='avia-bullet'><\/span>Artikelnummer<\/a><\/li><\/ul><\/li><\/ul><ul class='sort-param sort-param-count'><li><span class='currently-selected'>Zeige <strong>9 Produkte pro Seite<\/strong><\/span><ul><li class='current-param'><a href='?paged=1&avia_extended_shop_select=yes&product_count=9' rel=\"nofollow\">\t\t<span class='avia-bullet'><\/span>9 Produkte pro Seite<\/a><\/li><li><a href='?paged=1&avia_extended_shop_select=yes&product_count=18' rel=\"nofollow\">\t<span class='avia-bullet'><\/span>18 Produkte pro Seite<\/a><\/li><li><a href='?paged=1&avia_extended_shop_select=yes&product_count=27' rel=\"nofollow\">\t<span class='avia-bullet'><\/span>27 Produkte pro Seite<\/a><\/li><\/ul><\/li><\/ul><\/div><div class='avia-content-slider-inner'><ul class=\"products\"><li class=\"product type-product post-7106 status-publish first instock product_cat-all-products-de product_cat-angle-grinder-de has-post-thumbnail taxable shipping-taxable product-type-simple\">\n\t<div class='inner_product main_color wrapped_style noLightbox  av-product-class-'><div class='thumbnail_container'><img width=\"450\" height=\"450\" src=\"https:\/\/eu.kresstools.com\/wp-content\/uploads\/2023\/08\/KUH10.91_Family-450x450.png\" class=\"attachment-shop_catalog size-shop_catalog wp-post-image\" alt=\"\" loading=\"lazy\" srcset=\"https:\/\/eu.kresstools.com\/wp-content\/uploads\/2023\/08\/KUH10.91_Family-450x450.png 450w, https:\/\/eu.kresstools.com\/wp-content\/uploads\/2023\/08\/KUH10.91_Family-300x300.png 300w, https:\/\/eu.kresstools.com\/wp-content\/uploads\/2023\/08\/KUH10.91_Family-1030x1030.png 1030w, https:\/\/eu.kresstools.com\/wp-content\/uploads\/2023\/08\/KUH10.91_Family-80x80.png 80w, https:\/\/eu.kresstools.com\/wp-content\/uploads\/2023\/08\/KUH10.91_Family-768x768.png 768w, https:\/\/eu.kresstools.com\/wp-content\/uploads\/2023\/08\/KUH10.91_Family-1536x1536.png 1536w, https:\/\/eu.kresstools.com\/wp-content\/uploads\/2023\/08\/KUH10.91_Family-2048x2048.png 2048w, https:\/\/eu.kresstools.com\/wp-content\/uploads\/2023\/08\/KUH10.91_Family-36x36.png 36w, https:\/\/eu.kresstools.com\/wp-content\/uploads\/2023\/08\/KUH10.91_Family-180x180.png 180w, https:\/\/eu.kresstools.com\/wp-content\/uploads\/2023\/08\/KUH10.91_Family-1500x1500.png 1500w, https:\/\/eu.kresstools.com\/wp-content\/uploads\/2023\/08\/KUH10.91_Family-705x705.png 705w, https:\/\/eu.kresstools.com\/wp-content\/uploads\/2023\/08\/KUH10.91_Family-120x120.png 120w, https:\/\/eu.kresstools.com\/wp-content\/uploads\/2023\/08\/KUH10.91_Family-600x600.png 600w, https:\/\/eu.kresstools.com\/wp-content\/uploads\/2023\/08\/KUH10.91_Family-100x100.png 100w\" sizes=\"(max-width: 450px) 100vw, 450px\" \/><span class='cart-loading'><\/span><\/div><div class='inner_product_header'><div class='avia-arrow'><\/div><div class='inner_product_header_table'><div class='inner_product_header_cell'><\/div><\/div><\/div><div class='avia_cart_buttons '><a href=\"https:\/\/eu.kresstools.com\/de\/produkt\/buerstenlose-schleifmaschine-125mm-20v-ohne-akku-kuh10-91\/\" data-quantity=\"1\" class=\"button product_type_simple\" data-product_id=\"7106\" data-product_sku=\"KUH10.91\" aria-label=\"Lese mehr \u00fcber &#8222;B\u00fcrstenloser Winkelschleifer 125mm 20V (ohne Akku)- KUH10.91&#8220;\" rel=\"nofollow\"><span aria-hidden='true' data-av_icon='\ue859' data-av_iconfont='entypo-fontello'><\/span> Weiterlesen<\/a><a class=\"button show_details_button\" href=\"https:\/\/eu.kresstools.com\/de\/produkt\/buerstenlose-schleifmaschine-125mm-20v-ohne-akku-kuh10-91\/\"><span aria-hidden='true' data-av_icon='\ue84b' data-av_iconfont='entypo-fontello'><\/span>  Details anzeigen<\/a> <span class='button-mini-delimiter'><\/span><\/div><\/div><\/li>\n<\/ul><\/div><\/div><div class=\"clear\"><\/div>\n\n","protected":false},"excerpt":{"rendered":"","protected":false},"featured_media":6999,"template":"","meta":[],"product_cat":[608,609],"product_tag":[],"_links":{"self":[{"href":"https:\/\/eu.kresstools.com\/de\/wp-json\/wp\/v2\/product\/7106"}],"collection":[{"href":"https:\/\/eu.kresstools.com\/de\/wp-json\/wp\/v2\/product"}],"about":[{"href":"https:\/\/eu.kresstools.com\/de\/wp-json\/wp\/v2\/types\/product"}],"wp:featuredmedia":[{"embeddable":true,"href":"https:\/\/eu.kresstools.com\/de\/wp-json\/wp\/v2\/media\/6999"}],"wp:attachment":[{"href":"https:\/\/eu.kresstools.com\/de\/wp-json\/wp\/v2\/media?parent=7106"}],"wp:term":[{"taxonomy":"product_cat","embeddable":true,"href":"https:\/\/eu.kresstools.com\/de\/wp-json\/wp\/v2\/product_cat?post=7106"},{"taxonomy":"product_tag","embeddable":true,"href":"https:\/\/eu.kresstools.com\/de\/wp-json\/wp\/v2\/product_tag?post=7106"}],"curies":[{"name":"wp","href":"https:\/\/api.w.org\/{rel}","templated":true}]}}