{"id":7216,"date":"2024-02-27T03:18:58","date_gmt":"2024-02-27T02:18:58","guid":{"rendered":"https:\/\/eu.kresstools.com\/bohrhammer\/"},"modified":"2024-02-27T03:18:59","modified_gmt":"2024-02-27T02:18:59","slug":"bohrhammer","status":"publish","type":"page","link":"https:\/\/eu.kresstools.com\/de\/bohrhammer\/","title":{"rendered":"Bohrhammer"},"content":{"rendered":"<div id='av_section_1'  class='avia-section main_color avia-section-default avia-no-border-styling  avia-bg-style-scroll  avia-builder-el-0  el_before_av_section  avia-builder-el-first   container_wrap fullsize' style=' '  ><div class='container' ><main  role=\"main\" itemprop=\"mainContentOfPage\"  class='template-page content  av-content-full alpha units'><div class='post-entry post-entry-type-page post-entry-7216'><div class='entry-content-wrapper clearfix'>\n<div class=\"flex_column av_two_third  flex_column_div av-zero-column-padding first  avia-builder-el-1  el_before_av_one_third  avia-builder-el-first  \" style='border-radius:0px; '><section class=\"av_textblock_section \"  itemscope=\"itemscope\" itemtype=\"https:\/\/schema.org\/CreativeWork\" ><div class='avia_textblock  '   itemprop=\"text\" ><h1><span style=\"color: #000000;\">Bohrhammer<\/span><\/h1>\n<\/div><\/section><br \/>\n<section class=\"av_textblock_section \"  itemscope=\"itemscope\" itemtype=\"https:\/\/schema.org\/CreativeWork\" ><div class='avia_textblock  '   itemprop=\"text\" ><p>F\u00fcr intensive Arbeit gemacht<\/p>\n<\/div><\/section><\/p><\/div><div class=\"flex_column av_one_third  flex_column_div av-zero-column-padding   avia-builder-el-4  el_after_av_two_third  avia-builder-el-last  \" style='border-radius:0px; '><div  class='avia-button-wrap avia-button-right  avia-builder-el-5  avia-builder-el-no-sibling ' ><a href='#Produkt'  class='avia-button   avia-icon_select-no avia-color-theme-color avia-size-small avia-position-right '   ><span class='avia_iconbox_title' >Alle Wendehammer<\/span><\/a><\/div><\/div>\n\n<\/div><\/div><\/main><!-- close content main element --><\/div><\/div><div id='mobile'  class='avia-section main_color avia-section-default avia-no-border-styling  avia-bg-style-scroll  avia-builder-el-6  el_after_av_section  el_before_av_section   av-desktop-hide av-medium-hide container_wrap fullsize' style=' '  ><div class='container' ><div class='template-page content  av-content-full alpha units'><div class='post-entry post-entry-type-page post-entry-7216'><div class='entry-content-wrapper clearfix'>\n<div class=\"flex_column av_one_full  flex_column_div av-zero-column-padding first  avia-builder-el-7  avia-builder-el-no-sibling  \" style='border-radius:0px; '><div  class='avia-image-container  av-styling-    avia-builder-el-8  avia-builder-el-no-sibling  avia-align-center '  itemprop=\"image\" itemscope=\"itemscope\" itemtype=\"https:\/\/schema.org\/ImageObject\"  ><div class='avia-image-container-inner'><div class='avia-image-overlay-wrap'><img class='avia_image' src='https:\/\/eu.kresstools.com\/wp-content\/uploads\/2019\/03\/KU388.png' alt='' title='KU388' height=\"1406\" width=\"1920\"  itemprop=\"thumbnailUrl\"  \/><\/div><\/div><\/div><\/div>\n\n<\/div><\/div><\/div><!-- close content main div --><\/div><\/div><div id='desk'  class='avia-section main_color avia-section-default avia-no-border-styling  avia-bg-style-scroll  avia-builder-el-9  el_after_av_section  el_before_av_section   av-small-hide av-mini-hide av-minimum-height av-minimum-height-custom  container_wrap fullsize' style=' '  ><div class='container' style='height:500px'><div class='template-page content  av-content-full alpha units'><div class='post-entry post-entry-type-page post-entry-7216'><div class='entry-content-wrapper clearfix'>\n<div class=\"flex_column av_one_fifth  flex_column_div av-zero-column-padding first  avia-builder-el-10  el_before_av_three_fifth  avia-builder-el-first  \" style='border-radius:0px; '><\/div><div class=\"flex_column av_three_fifth  flex_column_div av-zero-column-padding   avia-builder-el-11  el_after_av_one_fifth  el_before_av_one_fifth  \" style='border-radius:0px; '><div  class='avia-image-container  av-styling-    avia-builder-el-12  avia-builder-el-no-sibling  avia-align-center '  itemprop=\"image\" itemscope=\"itemscope\" itemtype=\"https:\/\/schema.org\/ImageObject\"  ><div class='avia-image-container-inner'><div class='avia-image-overlay-wrap'><img class='avia_image' src='https:\/\/eu.kresstools.com\/wp-content\/uploads\/2019\/03\/KU388.png' alt='' title='KU388' height=\"1406\" width=\"1920\"  itemprop=\"thumbnailUrl\"  \/><\/div><\/div><\/div><\/div><div class=\"flex_column av_one_fifth  flex_column_div av-zero-column-padding   avia-builder-el-13  el_after_av_three_fifth  avia-builder-el-last  \" style='border-radius:0px; '><\/div>\n\n<\/div><\/div><\/div><!-- close content main div --><\/div><\/div><div id='av_section_4'  class='avia-section main_color avia-section-default avia-no-border-styling  avia-bg-style-scroll  avia-builder-el-14  el_after_av_section  el_before_av_section   av-minimum-height av-minimum-height-custom  container_wrap fullsize' style='background-color: #cc1417;  '  ><div class='container' style='height:300px'><div class='template-page content  av-content-full alpha units'><div class='post-entry post-entry-type-page post-entry-7216'><div class='entry-content-wrapper clearfix'>\n<div class=\"flex_column av_one_fifth  flex_column_div av-zero-column-padding first  avia-builder-el-15  el_before_av_three_fifth  avia-builder-el-first  \" style='border-radius:0px; '><\/div><div class=\"flex_column av_three_fifth  flex_column_div av-zero-column-padding   avia-builder-el-16  el_after_av_one_fifth  el_before_av_one_fifth  \" style='border-radius:0px; '><section class=\"av_textblock_section \"  itemscope=\"itemscope\" itemtype=\"https:\/\/schema.org\/CreativeWork\" ><div class='avia_textblock  av_inherit_color '  style='color:#ffffff; '  itemprop=\"text\" ><h3 style=\"text-align: left;color: white;\">Der richtige Bohrhammer f\u00fcr Sie<\/h3>\n<p>Im Gegensatz zu Schlagbohrern sind Bohrh\u00e4mmer f\u00fcr harte Materialien geeignet. Unser Akku-Werkzeug erm\u00f6glicht nicht nur das Bohren mit dem Hammer, sondern auch das Schrauben und konventionelle Bohren.<\/p>\n<p>Kress-Drehh\u00e4mmer arbeiten mit einer pneumatischen Bohrmaschine und sind daher f\u00fcr anspruchsvolle Bohraufgaben geeignet. Sie unterst\u00fctzen Sie bei allen schweren Arbeiten und sind ideal zum Bohren in harten Materialien wie Stein und Beton.<\/p>\n<\/div><\/section><\/div><div class=\"flex_column av_one_fifth  flex_column_div av-zero-column-padding   avia-builder-el-18  el_after_av_three_fifth  avia-builder-el-last  \" style='border-radius:0px; '><\/div>\n\n<\/div><\/div><\/div><!-- close content main div --><\/div><\/div><div id='product'  class='avia-section main_color avia-section-default avia-no-border-styling  avia-bg-style-scroll  avia-builder-el-19  el_after_av_section  avia-builder-el-last   container_wrap fullsize' style=' '  ><div class='container' ><div class='template-page content  av-content-full alpha units'><div class='post-entry post-entry-type-page post-entry-7216'><div class='entry-content-wrapper clearfix'>\n<div   data-autoplay=''  data-interval='5'  data-animation='fade'  data-hoverpause='1'  class='template-shop avia-content-slider avia-content-grid-active avia-product-slider1 avia-content-slider-odd  avia-builder-el-20  avia-builder-el-no-sibling   shop_columns_3' ><div class='product-sorting'><ul class='sort-param sort-param-order'><li><span class='currently-selected'>Sortieren nach <strong>Standard<\/strong><\/span><ul><li class='current-param'><a href='?avia_extended_shop_select=yes&product_order=default' rel=\"nofollow\"><span class='avia-bullet'><\/span>Standard<\/a><\/li><li><a href='?avia_extended_shop_select=yes&product_order=menu_order' rel=\"nofollow\"><span class='avia-bullet'><\/span>Benutzerdefiniert<\/a><\/li><li><a href='?avia_extended_shop_select=yes&product_order=title' rel=\"nofollow\"><span class='avia-bullet'><\/span>Name<\/a><\/li><li><a href='?avia_extended_shop_select=yes&product_order=price' rel=\"nofollow\"><span class='avia-bullet'><\/span>Preis<\/a><\/li><li><a href='?avia_extended_shop_select=yes&product_order=date' rel=\"nofollow\"><span class='avia-bullet'><\/span>Datum<\/a><\/li><li><a href='?avia_extended_shop_select=yes&product_order=popularity' rel=\"nofollow\"><span class='avia-bullet'><\/span>Beliebtheit (Sales)<\/a><\/li><li><a href='?avia_extended_shop_select=yes&product_order=rating' rel=\"nofollow\"><span class='avia-bullet'><\/span>Durchschnittliche Bewertung<\/a><\/li><li><a href='?avia_extended_shop_select=yes&product_order=relevance' rel=\"nofollow\"><span class='avia-bullet'><\/span>Relevanz<\/a><\/li><li><a href='?avia_extended_shop_select=yes&product_order=rand' rel=\"nofollow\"><span class='avia-bullet'><\/span>Zufall<\/a><\/li><li><a href='?avia_extended_shop_select=yes&product_order=id' rel=\"nofollow\"><span class='avia-bullet'><\/span>Artikelnummer<\/a><\/li><\/ul><\/li><\/ul><ul class='sort-param sort-param-count'><li><span class='currently-selected'>Zeige <strong>9 Produkte pro Seite<\/strong><\/span><ul><li class='current-param'><a href='?paged=1&avia_extended_shop_select=yes&product_count=9' rel=\"nofollow\">\t\t<span class='avia-bullet'><\/span>9 Produkte pro Seite<\/a><\/li><li><a href='?paged=1&avia_extended_shop_select=yes&product_count=18' rel=\"nofollow\">\t<span class='avia-bullet'><\/span>18 Produkte pro Seite<\/a><\/li><li><a href='?paged=1&avia_extended_shop_select=yes&product_count=27' rel=\"nofollow\">\t<span class='avia-bullet'><\/span>27 Produkte pro Seite<\/a><\/li><\/ul><\/li><\/ul><\/div><div class='avia-content-slider-inner'><ul class=\"products\"><li class=\"product type-product post-7185 status-publish first instock product_cat-all-products-de product_cat-bohrhammer has-post-thumbnail taxable shipping-taxable product-type-simple\">\n\t<div class='inner_product main_color wrapped_style noLightbox  av-product-class-'><div class='thumbnail_container'><img width=\"300\" height=\"300\" src=\"https:\/\/eu.kresstools.com\/wp-content\/uploads\/2019\/06\/KU388-300x300.png\" class=\"attachment-shop_catalog size-shop_catalog wp-post-image\" alt=\"\" loading=\"lazy\" srcset=\"https:\/\/eu.kresstools.com\/wp-content\/uploads\/2019\/06\/KU388-300x300.png 300w, https:\/\/eu.kresstools.com\/wp-content\/uploads\/2019\/06\/KU388-80x80.png 80w, https:\/\/eu.kresstools.com\/wp-content\/uploads\/2019\/06\/KU388-768x768.png 768w, https:\/\/eu.kresstools.com\/wp-content\/uploads\/2019\/06\/KU388-1030x1030.png 1030w, https:\/\/eu.kresstools.com\/wp-content\/uploads\/2019\/06\/KU388-36x36.png 36w, https:\/\/eu.kresstools.com\/wp-content\/uploads\/2019\/06\/KU388-180x180.png 180w, https:\/\/eu.kresstools.com\/wp-content\/uploads\/2019\/06\/KU388-1500x1500.png 1500w, https:\/\/eu.kresstools.com\/wp-content\/uploads\/2019\/06\/KU388-705x705.png 705w, https:\/\/eu.kresstools.com\/wp-content\/uploads\/2019\/06\/KU388-100x100.png 100w, https:\/\/eu.kresstools.com\/wp-content\/uploads\/2019\/06\/KU388-600x600.png 600w, https:\/\/eu.kresstools.com\/wp-content\/uploads\/2019\/06\/KU388-32x32.png 32w\" sizes=\"(max-width: 300px) 100vw, 300px\" \/><span class='cart-loading'><\/span><\/div><div class='inner_product_header'><div class='avia-arrow'><\/div><div class='inner_product_header_table'><div class='inner_product_header_cell'><\/div><\/div><\/div><div class='avia_cart_buttons '><a href=\"https:\/\/eu.kresstools.com\/de\/produkt\/kress-akkuhammer-ku388-sds-plus\/\" data-quantity=\"1\" class=\"button product_type_simple\" data-product_id=\"7185\" data-product_sku=\"KU388\" aria-label=\"Lese mehr \u00fcber &#8222;KRESS AKKUHAMMER KU388 SDS-PLUS&#8220;\" rel=\"nofollow\"><span aria-hidden='true' data-av_icon='\ue859' data-av_iconfont='entypo-fontello'><\/span> Weiterlesen<\/a><a class=\"button show_details_button\" href=\"https:\/\/eu.kresstools.com\/de\/produkt\/kress-akkuhammer-ku388-sds-plus\/\"><span aria-hidden='true' data-av_icon='\ue84b' data-av_iconfont='entypo-fontello'><\/span>  Details anzeigen<\/a> <span class='button-mini-delimiter'><\/span><\/div><\/div><\/li>\n<li class=\"product type-product post-7168 status-publish instock product_cat-all-products-de product_cat-bohrhammer has-post-thumbnail taxable shipping-taxable product-type-simple\">\n\t<div class='inner_product main_color wrapped_style noLightbox  av-product-class-'><div class='thumbnail_container'><img width=\"300\" height=\"300\" src=\"https:\/\/eu.kresstools.com\/wp-content\/uploads\/2019\/06\/KU322-300x300.png\" class=\"attachment-shop_catalog size-shop_catalog wp-post-image\" alt=\"\" loading=\"lazy\" srcset=\"https:\/\/eu.kresstools.com\/wp-content\/uploads\/2019\/06\/KU322-300x300.png 300w, https:\/\/eu.kresstools.com\/wp-content\/uploads\/2019\/06\/KU322-80x80.png 80w, https:\/\/eu.kresstools.com\/wp-content\/uploads\/2019\/06\/KU322-768x768.png 768w, https:\/\/eu.kresstools.com\/wp-content\/uploads\/2019\/06\/KU322-1030x1030.png 1030w, https:\/\/eu.kresstools.com\/wp-content\/uploads\/2019\/06\/KU322-36x36.png 36w, https:\/\/eu.kresstools.com\/wp-content\/uploads\/2019\/06\/KU322-180x180.png 180w, https:\/\/eu.kresstools.com\/wp-content\/uploads\/2019\/06\/KU322-1500x1500.png 1500w, https:\/\/eu.kresstools.com\/wp-content\/uploads\/2019\/06\/KU322-705x705.png 705w, https:\/\/eu.kresstools.com\/wp-content\/uploads\/2019\/06\/KU322-100x100.png 100w, https:\/\/eu.kresstools.com\/wp-content\/uploads\/2019\/06\/KU322-600x600.png 600w, https:\/\/eu.kresstools.com\/wp-content\/uploads\/2019\/06\/KU322-32x32.png 32w\" sizes=\"(max-width: 300px) 100vw, 300px\" \/><span class='cart-loading'><\/span><\/div><div class='inner_product_header'><div class='avia-arrow'><\/div><div class='inner_product_header_table'><div class='inner_product_header_cell'><\/div><\/div><\/div><div class='avia_cart_buttons '><a href=\"https:\/\/eu.kresstools.com\/de\/produkt\/kress-bohrhammer-ku322-sds-plus-1010w\/\" data-quantity=\"1\" class=\"button product_type_simple\" data-product_id=\"7168\" data-product_sku=\"KU322\" aria-label=\"Lese mehr \u00fcber &#8222;KRESS BOHRHAMMER KU322 SDS-PLUS 1010W&#8220;\" rel=\"nofollow\"><span aria-hidden='true' data-av_icon='\ue859' data-av_iconfont='entypo-fontello'><\/span> Weiterlesen<\/a><a class=\"button show_details_button\" href=\"https:\/\/eu.kresstools.com\/de\/produkt\/kress-bohrhammer-ku322-sds-plus-1010w\/\"><span aria-hidden='true' data-av_icon='\ue84b' data-av_iconfont='entypo-fontello'><\/span>  Details anzeigen<\/a> <span class='button-mini-delimiter'><\/span><\/div><\/div><\/li>\n<\/ul><\/div><\/div><div class=\"clear\"><\/div>\n\n","protected":false},"excerpt":{"rendered":"","protected":false},"author":1,"featured_media":0,"parent":0,"menu_order":0,"comment_status":"closed","ping_status":"closed","template":"","meta":[],"_links":{"self":[{"href":"https:\/\/eu.kresstools.com\/de\/wp-json\/wp\/v2\/pages\/7216"}],"collection":[{"href":"https:\/\/eu.kresstools.com\/de\/wp-json\/wp\/v2\/pages"}],"about":[{"href":"https:\/\/eu.kresstools.com\/de\/wp-json\/wp\/v2\/types\/page"}],"author":[{"embeddable":true,"href":"https:\/\/eu.kresstools.com\/de\/wp-json\/wp\/v2\/users\/1"}],"replies":[{"embeddable":true,"href":"https:\/\/eu.kresstools.com\/de\/wp-json\/wp\/v2\/comments?post=7216"}],"version-history":[{"count":2,"href":"https:\/\/eu.kresstools.com\/de\/wp-json\/wp\/v2\/pages\/7216\/revisions"}],"predecessor-version":[{"id":7218,"href":"https:\/\/eu.kresstools.com\/de\/wp-json\/wp\/v2\/pages\/7216\/revisions\/7218"}],"wp:attachment":[{"href":"https:\/\/eu.kresstools.com\/de\/wp-json\/wp\/v2\/media?parent=7216"}],"curies":[{"name":"wp","href":"https:\/\/api.w.org\/{rel}","templated":true}]}}