{"id":7199,"date":"2024-02-27T03:17:41","date_gmt":"2024-02-27T02:17:41","guid":{"rendered":"https:\/\/eu.kresstools.com\/handbohrer\/"},"modified":"2024-02-27T03:17:42","modified_gmt":"2024-02-27T02:17:42","slug":"handbohrer","status":"publish","type":"page","link":"https:\/\/eu.kresstools.com\/de\/handbohrer\/","title":{"rendered":"Handbohrer"},"content":{"rendered":"<div id='av_section_1'  class='avia-section main_color avia-section-default avia-no-border-styling  avia-bg-style-scroll  avia-builder-el-0  el_before_av_section  avia-builder-el-first   container_wrap fullsize' style=' '  ><div class='container' ><main  role=\"main\" itemprop=\"mainContentOfPage\"  class='template-page content  av-content-full alpha units'><div class='post-entry post-entry-type-page post-entry-7199'><div class='entry-content-wrapper clearfix'>\n<div class=\"flex_column av_two_third  flex_column_div av-zero-column-padding first  avia-builder-el-1  el_before_av_one_third  avia-builder-el-first  \" style='border-radius:0px; '><section class=\"av_textblock_section \"  itemscope=\"itemscope\" itemtype=\"https:\/\/schema.org\/CreativeWork\" ><div class='avia_textblock  '   itemprop=\"text\" ><h1><span style=\"color: #000000;\">Handbohrer<\/span><\/h1>\n<\/div><\/section><br \/>\n<section class=\"av_textblock_section \"  itemscope=\"itemscope\" itemtype=\"https:\/\/schema.org\/CreativeWork\" ><div class='avia_textblock  '   itemprop=\"text\" ><p>Leistungsstark, vielseitig und technisch einen Schritt voraus<\/p>\n<\/div><\/section><\/p><\/div><div class=\"flex_column av_one_third  flex_column_div av-zero-column-padding   avia-builder-el-4  el_after_av_two_third  avia-builder-el-last  \" style='border-radius:0px; '><div  class='avia-button-wrap avia-button-right  avia-builder-el-5  avia-builder-el-no-sibling ' ><a href='#Produkt'  class='avia-button   avia-icon_select-no avia-color-theme-color avia-size-small avia-position-right '   ><span class='avia_iconbox_title' >Alle Handbohrmaschinen<\/span><\/a><\/div><\/div>\n\n<\/div><\/div><\/main><!-- close content main element --><\/div><\/div><div id='desk'  class='avia-section main_color avia-section-default avia-no-border-styling  avia-bg-style-scroll  avia-builder-el-6  el_after_av_section  el_before_av_section   av-small-hide av-mini-hide av-minimum-height av-minimum-height-custom  container_wrap fullsize' style=' '  ><div class='container' style='height:500px'><div class='template-page content  av-content-full alpha units'><div class='post-entry post-entry-type-page post-entry-7199'><div class='entry-content-wrapper clearfix'>\n<div class=\"flex_column av_one_fifth  flex_column_div av-zero-column-padding first  avia-builder-el-7  el_before_av_three_fifth  avia-builder-el-first  \" style='border-radius:0px; '><\/div><div class=\"flex_column av_three_fifth  flex_column_div av-zero-column-padding   avia-builder-el-8  el_after_av_one_fifth  el_before_av_one_fifth  \" style='border-radius:0px; '><div  class='avia-image-container  av-styling-    avia-builder-el-9  avia-builder-el-no-sibling  avia-align-center '  itemprop=\"image\" itemscope=\"itemscope\" itemtype=\"https:\/\/schema.org\/ImageObject\"  ><div class='avia-image-container-inner'><div class='avia-image-overlay-wrap'><img class='avia_image' src='https:\/\/eu.kresstools.com\/wp-content\/uploads\/2019\/07\/KU420_less_white_less_white.png' alt='' title='KU420_los_wei\u00df_los_wei\u00df' height=\"590\" width=\"875\"  itemprop=\"thumbnailUrl\"  \/><\/div><\/div><\/div><\/div><div class=\"flex_column av_one_fifth  flex_column_div av-zero-column-padding   avia-builder-el-10  el_after_av_three_fifth  avia-builder-el-last  \" style='border-radius:0px; '><\/div>\n\n<\/div><\/div><\/div><!-- close content main div --><\/div><\/div><div id='av_section_3'  class='avia-section main_color avia-section-default avia-no-border-styling  avia-bg-style-scroll  avia-builder-el-11  el_after_av_section  el_before_av_section   av-minimum-height av-minimum-height-custom  container_wrap fullsize' style='background-color: #cc1417;  '  ><div class='container' style='height:300px'><div class='template-page content  av-content-full alpha units'><div class='post-entry post-entry-type-page post-entry-7199'><div class='entry-content-wrapper clearfix'>\n<div class=\"flex_column av_one_half  flex_column_div av-zero-column-padding first  avia-builder-el-12  avia-builder-el-no-sibling  \" style='border-radius:0px; '><section class=\"av_textblock_section \"  itemscope=\"itemscope\" itemtype=\"https:\/\/schema.org\/CreativeWork\" ><div class='avia_textblock  av_inherit_color '  style='color:#ffffff; '  itemprop=\"text\" ><h2 id=\"the-right-angle-grinder-for-you\" style=\"text-align: left; color: white;\">Bohrer oder Schraubenzieher?<\/h2>\n<p>Kress bietet f\u00fcr jede Anwendung den richtigen Bohrer und Schraubendreher &#8211; vom einfachen M\u00f6belbau bis zu gr\u00f6\u00dferen Projekten. Zus\u00e4tzlich zu unserem breiten Angebot an Akkuger\u00e4ten.<\/p>\n<\/div><\/section><\/div><\/div><\/div><\/div><!-- close content main div --><\/div><\/div><div id='product'  class='avia-section main_color avia-section-default avia-no-border-styling  avia-bg-style-scroll  avia-builder-el-14  el_after_av_section  avia-builder-el-last   container_wrap fullsize' style=' '  ><div class='container' ><div class='template-page content  av-content-full alpha units'><div class='post-entry post-entry-type-page post-entry-7199'><div class='entry-content-wrapper clearfix'>\n<div   data-autoplay=''  data-interval='5'  data-animation='fade'  data-hoverpause='1'  class='template-shop avia-content-slider avia-content-grid-active avia-product-slider1 avia-content-slider-odd  avia-builder-el-15  avia-builder-el-no-sibling   shop_columns_3' ><div class='product-sorting'><ul class='sort-param sort-param-order'><li><span class='currently-selected'>Sortieren nach <strong>Standard<\/strong><\/span><ul><li class='current-param'><a href='?avia_extended_shop_select=yes&product_order=default' rel=\"nofollow\"><span class='avia-bullet'><\/span>Standard<\/a><\/li><li><a href='?avia_extended_shop_select=yes&product_order=menu_order' rel=\"nofollow\"><span class='avia-bullet'><\/span>Benutzerdefiniert<\/a><\/li><li><a href='?avia_extended_shop_select=yes&product_order=title' rel=\"nofollow\"><span class='avia-bullet'><\/span>Name<\/a><\/li><li><a href='?avia_extended_shop_select=yes&product_order=price' rel=\"nofollow\"><span class='avia-bullet'><\/span>Preis<\/a><\/li><li><a href='?avia_extended_shop_select=yes&product_order=date' rel=\"nofollow\"><span class='avia-bullet'><\/span>Datum<\/a><\/li><li><a href='?avia_extended_shop_select=yes&product_order=popularity' rel=\"nofollow\"><span class='avia-bullet'><\/span>Beliebtheit (Sales)<\/a><\/li><li><a href='?avia_extended_shop_select=yes&product_order=rating' rel=\"nofollow\"><span class='avia-bullet'><\/span>Durchschnittliche Bewertung<\/a><\/li><li><a href='?avia_extended_shop_select=yes&product_order=relevance' rel=\"nofollow\"><span class='avia-bullet'><\/span>Relevanz<\/a><\/li><li><a href='?avia_extended_shop_select=yes&product_order=rand' rel=\"nofollow\"><span class='avia-bullet'><\/span>Zufall<\/a><\/li><li><a href='?avia_extended_shop_select=yes&product_order=id' rel=\"nofollow\"><span class='avia-bullet'><\/span>Artikelnummer<\/a><\/li><\/ul><\/li><\/ul><ul class='sort-param sort-param-count'><li><span class='currently-selected'>Zeige <strong>9 Produkte pro Seite<\/strong><\/span><ul><li class='current-param'><a href='?paged=1&avia_extended_shop_select=yes&product_count=9' rel=\"nofollow\">\t\t<span class='avia-bullet'><\/span>9 Produkte pro Seite<\/a><\/li><li><a href='?paged=1&avia_extended_shop_select=yes&product_count=18' rel=\"nofollow\">\t<span class='avia-bullet'><\/span>18 Produkte pro Seite<\/a><\/li><li><a href='?paged=1&avia_extended_shop_select=yes&product_count=27' rel=\"nofollow\">\t<span class='avia-bullet'><\/span>27 Produkte pro Seite<\/a><\/li><\/ul><\/li><\/ul><\/div><div class='avia-content-slider-inner'><ul class=\"products\"><li class=\"product type-product post-7120 status-publish first instock product_cat-all-products-de product_cat-schraubenzieher-bohrer has-post-thumbnail taxable shipping-taxable product-type-simple\">\n\t<div class='inner_product main_color wrapped_style noLightbox  av-product-class-'><div class='thumbnail_container'><img width=\"450\" height=\"450\" src=\"https:\/\/eu.kresstools.com\/wp-content\/uploads\/2022\/10\/KUA71-91_INTHEBOX-1-450x450.png\" class=\"attachment-shop_catalog size-shop_catalog wp-post-image\" alt=\"\" loading=\"lazy\" srcset=\"https:\/\/eu.kresstools.com\/wp-content\/uploads\/2022\/10\/KUA71-91_INTHEBOX-1-450x450.png 450w, https:\/\/eu.kresstools.com\/wp-content\/uploads\/2022\/10\/KUA71-91_INTHEBOX-1-300x300.png 300w, https:\/\/eu.kresstools.com\/wp-content\/uploads\/2022\/10\/KUA71-91_INTHEBOX-1-1030x1030.png 1030w, https:\/\/eu.kresstools.com\/wp-content\/uploads\/2022\/10\/KUA71-91_INTHEBOX-1-80x80.png 80w, https:\/\/eu.kresstools.com\/wp-content\/uploads\/2022\/10\/KUA71-91_INTHEBOX-1-768x768.png 768w, https:\/\/eu.kresstools.com\/wp-content\/uploads\/2022\/10\/KUA71-91_INTHEBOX-1-1536x1536.png 1536w, https:\/\/eu.kresstools.com\/wp-content\/uploads\/2022\/10\/KUA71-91_INTHEBOX-1-36x36.png 36w, https:\/\/eu.kresstools.com\/wp-content\/uploads\/2022\/10\/KUA71-91_INTHEBOX-1-180x180.png 180w, https:\/\/eu.kresstools.com\/wp-content\/uploads\/2022\/10\/KUA71-91_INTHEBOX-1-1500x1500.png 1500w, https:\/\/eu.kresstools.com\/wp-content\/uploads\/2022\/10\/KUA71-91_INTHEBOX-1-705x705.png 705w, https:\/\/eu.kresstools.com\/wp-content\/uploads\/2022\/10\/KUA71-91_INTHEBOX-1-120x120.png 120w, https:\/\/eu.kresstools.com\/wp-content\/uploads\/2022\/10\/KUA71-91_INTHEBOX-1-600x600.png 600w, https:\/\/eu.kresstools.com\/wp-content\/uploads\/2022\/10\/KUA71-91_INTHEBOX-1-100x100.png 100w, https:\/\/eu.kresstools.com\/wp-content\/uploads\/2022\/10\/KUA71-91_INTHEBOX-1.png 2000w\" sizes=\"(max-width: 450px) 100vw, 450px\" \/><span class='cart-loading'><\/span><\/div><div class='inner_product_header'><div class='avia-arrow'><\/div><div class='inner_product_header_table'><div class='inner_product_header_cell'><\/div><\/div><\/div><div class='avia_cart_buttons '><a href=\"https:\/\/eu.kresstools.com\/de\/produkt\/20v-buerstenloser-schraubendreher-bohrer-ohne-akku-kua71-91\/\" data-quantity=\"1\" class=\"button product_type_simple\" data-product_id=\"7120\" data-product_sku=\"KUA71.91\" aria-label=\"Lese mehr \u00fcber &#8222;20V B\u00fcrstenloser Schraubendreher-Bohrer (ohne Akku) - KUA71.91&#8220;\" rel=\"nofollow\"><span aria-hidden='true' data-av_icon='\ue859' data-av_iconfont='entypo-fontello'><\/span> Weiterlesen<\/a><a class=\"button show_details_button\" href=\"https:\/\/eu.kresstools.com\/de\/produkt\/20v-buerstenloser-schraubendreher-bohrer-ohne-akku-kua71-91\/\"><span aria-hidden='true' data-av_icon='\ue84b' data-av_iconfont='entypo-fontello'><\/span>  Details anzeigen<\/a> <span class='button-mini-delimiter'><\/span><\/div><\/div><\/li>\n<li class=\"product type-product post-7119 status-publish instock product_cat-all-products-de product_cat-schraubenzieher-bohrer has-post-thumbnail taxable shipping-taxable product-type-simple\">\n\t<div class='inner_product main_color wrapped_style noLightbox  av-product-class-'><div class='thumbnail_container'><img width=\"450\" height=\"450\" src=\"https:\/\/eu.kresstools.com\/wp-content\/uploads\/2022\/10\/KUA71_INTHEBOX-450x450.png\" class=\"attachment-shop_catalog size-shop_catalog wp-post-image\" alt=\"\" loading=\"lazy\" srcset=\"https:\/\/eu.kresstools.com\/wp-content\/uploads\/2022\/10\/KUA71_INTHEBOX-450x450.png 450w, https:\/\/eu.kresstools.com\/wp-content\/uploads\/2022\/10\/KUA71_INTHEBOX-300x300.png 300w, https:\/\/eu.kresstools.com\/wp-content\/uploads\/2022\/10\/KUA71_INTHEBOX-1030x1030.png 1030w, https:\/\/eu.kresstools.com\/wp-content\/uploads\/2022\/10\/KUA71_INTHEBOX-80x80.png 80w, https:\/\/eu.kresstools.com\/wp-content\/uploads\/2022\/10\/KUA71_INTHEBOX-768x768.png 768w, https:\/\/eu.kresstools.com\/wp-content\/uploads\/2022\/10\/KUA71_INTHEBOX-1536x1536.png 1536w, https:\/\/eu.kresstools.com\/wp-content\/uploads\/2022\/10\/KUA71_INTHEBOX-36x36.png 36w, https:\/\/eu.kresstools.com\/wp-content\/uploads\/2022\/10\/KUA71_INTHEBOX-180x180.png 180w, https:\/\/eu.kresstools.com\/wp-content\/uploads\/2022\/10\/KUA71_INTHEBOX-1500x1500.png 1500w, https:\/\/eu.kresstools.com\/wp-content\/uploads\/2022\/10\/KUA71_INTHEBOX-705x705.png 705w, https:\/\/eu.kresstools.com\/wp-content\/uploads\/2022\/10\/KUA71_INTHEBOX-120x120.png 120w, https:\/\/eu.kresstools.com\/wp-content\/uploads\/2022\/10\/KUA71_INTHEBOX-600x600.png 600w, https:\/\/eu.kresstools.com\/wp-content\/uploads\/2022\/10\/KUA71_INTHEBOX-100x100.png 100w, https:\/\/eu.kresstools.com\/wp-content\/uploads\/2022\/10\/KUA71_INTHEBOX.png 2000w\" sizes=\"(max-width: 450px) 100vw, 450px\" \/><span class='cart-loading'><\/span><\/div><div class='inner_product_header'><div class='avia-arrow'><\/div><div class='inner_product_header_table'><div class='inner_product_header_cell'><\/div><\/div><\/div><div class='avia_cart_buttons '><a href=\"https:\/\/eu.kresstools.com\/de\/produkt\/buerstenloser-schraubendreher-bohrer-20v-4ah-2bat-kua71\/\" data-quantity=\"1\" class=\"button product_type_simple\" data-product_id=\"7119\" data-product_sku=\"KUA71\" aria-label=\"Lese mehr \u00fcber &#8222;B\u00fcrstenloser Schraubendreher-Bohrer 20V 4Ah 2bat - KUA71&#8220;\" rel=\"nofollow\"><span aria-hidden='true' data-av_icon='\ue859' data-av_iconfont='entypo-fontello'><\/span> Weiterlesen<\/a><a class=\"button show_details_button\" href=\"https:\/\/eu.kresstools.com\/de\/produkt\/buerstenloser-schraubendreher-bohrer-20v-4ah-2bat-kua71\/\"><span aria-hidden='true' data-av_icon='\ue84b' data-av_iconfont='entypo-fontello'><\/span>  Details anzeigen<\/a> <span class='button-mini-delimiter'><\/span><\/div><\/div><\/li>\n<\/ul><\/div><\/div><div class=\"clear\"><\/div>\n<\/p>\n","protected":false},"excerpt":{"rendered":"","protected":false},"author":1,"featured_media":0,"parent":0,"menu_order":0,"comment_status":"closed","ping_status":"closed","template":"","meta":[],"_links":{"self":[{"href":"https:\/\/eu.kresstools.com\/de\/wp-json\/wp\/v2\/pages\/7199"}],"collection":[{"href":"https:\/\/eu.kresstools.com\/de\/wp-json\/wp\/v2\/pages"}],"about":[{"href":"https:\/\/eu.kresstools.com\/de\/wp-json\/wp\/v2\/types\/page"}],"author":[{"embeddable":true,"href":"https:\/\/eu.kresstools.com\/de\/wp-json\/wp\/v2\/users\/1"}],"replies":[{"embeddable":true,"href":"https:\/\/eu.kresstools.com\/de\/wp-json\/wp\/v2\/comments?post=7199"}],"version-history":[{"count":2,"href":"https:\/\/eu.kresstools.com\/de\/wp-json\/wp\/v2\/pages\/7199\/revisions"}],"predecessor-version":[{"id":7201,"href":"https:\/\/eu.kresstools.com\/de\/wp-json\/wp\/v2\/pages\/7199\/revisions\/7201"}],"wp:attachment":[{"href":"https:\/\/eu.kresstools.com\/de\/wp-json\/wp\/v2\/media?parent=7199"}],"curies":[{"name":"wp","href":"https:\/\/api.w.org\/{rel}","templated":true}]}}