{"id":10584,"date":"2024-06-23T23:55:25","date_gmt":"2024-06-23T21:55:25","guid":{"rendered":"https:\/\/eu.kresstools.com\/garantieerklaerung\/"},"modified":"2024-06-27T04:26:50","modified_gmt":"2024-06-27T02:26:50","slug":"garantieerklaerung","status":"publish","type":"page","link":"https:\/\/eu.kresstools.com\/de\/garantieerklaerung\/","title":{"rendered":"Garantieerkl\u00e4rung"},"content":{"rendered":"<p><strong>Gew\u00e4hrleistungserkl\u00e4rung<\/strong><\/p>\n<p>F\u00fcr Elektrowerkzeuge von Kress gilt eine Garantiezeit von einem Jahr auf Fabrikations-, Montage- und Funktionsm\u00e4ngel ab Kaufdatum, mit Ausnahme von Zubeh\u00f6r und Verbrauchsmaterialien;<\/p>\n<p>2 Jahre f\u00fcr Batteriepacks und Ladeger\u00e4te.<\/p>\n<p>&nbsp;<\/p>\n<p>Die Garantiefrist kann auf 3 Jahre verl\u00e4ngert werden, wenn Sie diese Werkzeuge innerhalb von 30 Tagen nach dem urspr\u00fcnglichen Kaufdatum auf der Website eu.kresstools.com registrieren.<\/p>\n<p>Das mitgelieferte Zubeh\u00f6r, Batterie und Ladeger\u00e4te sind von dieser Garantieverl\u00e4ngerung ausgeschlossen.<\/p>\n<p>&nbsp;<\/p>\n<p>F\u00fcr Produkte, die gegen Vorlege eines ordnungsgem\u00e4\u00dfen Kaufbelegs der Gew\u00e4hrleistung unterliegen, gew\u00e4hrleistet Kress folgendes:<\/p>\n<p>Kostenfreier Austausch bzw. Reparatur aller defekten Teile: oder<\/p>\n<p>Kostenfreie Reparatur des Produkts; oder<\/p>\n<p>Austausch des Produkts gegen ein identisches oder vergleichbares Produkt ohne Zusatzkosten.<\/p>\n<p>&nbsp;<\/p>\n<p><strong>Die Herstellergarantie gilt nicht in folgenden F\u00e4llen:<\/strong><\/p>\n<ol>\n<li>Funktionsst\u00f6rungen des Werkzeugs durch nat\u00fcrlichen Verschlei\u00df des Produkts, dessen Bauteilen, Maschinen, mechanischer Komponenten sowie Zubeh\u00f6r, beispielsweise: elektrische Kabel,Klingen, Antriebsriemen, Filter, Kohleb\u00fcrsten, Spannvorrichtungen und Halterungen;<\/li>\n<li>Mechanische Sch\u00e4den, die durch einen Versto\u00df gegen die im Betriebshandbuch aufgef\u00fchrten Betriebsanweisungen bzw. durch unsachgem\u00e4\u00dfe Lagerung der Ausr\u00fcstung entstanden sind;<\/li>\n<li>Sch\u00e4den, die durch nicht bestimmungsgem\u00e4\u00dfe Verwendung der Werkzeuge (Missbrauch) entstanden sind;<\/li>\n<li>Sch\u00e4den, die durch \u00dcberhitzung, \u00dcberlastung, mechanische Belastung, Eindringen von Niederschl\u00e4gen, Fl\u00fcssigkeiten, Insekten oder Restsubstanzen in das Werkzeuggeh\u00e4use entstanden sind, einhergehend mit dessen Nutzung f\u00fcr bestimmungsgem\u00e4\u00dfe Zwecke (Sp\u00e4ne, S\u00e4gemehl).<\/li>\n<li>Sch\u00e4den, die durch eine \u00dcberlastung des Werkzeugs entstanden sind, welche den gleichzeitigen Ausfall von zwei oder mehr Komponenten verursacht haben (Rotor und Stator, Elektromotor und andere Komponenten oder Teile). Eindeutige Anzeichen f\u00fcr eine \u00dcberlastung des Produkts beinhalten unter anderem das Auftreten von: Verf\u00e4rbungen, Deformation oder Funkenbildung an Teilen und Komponenten des Produkts, Verdunklung oder Verkohlung der Isolierung, Sch\u00e4den an den Motorkabeln unter hoher Temperatur;<\/li>\n<li>Sch\u00e4den, die durch Nichtkonformit\u00e4t der im Betriebshandbuch vorgeschriebenen Wartungsintervalle entstanden sind;<\/li>\n<li>Sch\u00e4den, die durch Nichtkonformit\u00e4t der StromversorgungsnetzParameter mit den auf dem Werkzeug f\u00fcr das Stromversorgungsnetz vorgeschriebenen Parametern entstanden sind;<\/li>\n<li>Sch\u00e4den, die durch Reinigungswerkzeuge mit chemisch aggressiven Fl\u00fcssigkeiten entstanden sind;<\/li>\n<li>Werkzeuge, die nicht in einem autorisierten Kress-Servicezentrum gewartet oder repariert worden sind;<\/li>\n<li>Das Werkzeug wurde falsch eingesetzt, missbraucht, vernachl\u00e4ssigt, ge\u00e4ndert, modifiziert oder durch Dritte (kein autorisiertes Servicezentrum) repariert;<\/li>\n<li>Reparaturen, die mithilfe von Ersatzteilen, Austauschteilen oder zus\u00e4tzlichen Komponenten durchgef\u00fchrt wurden, welche nicht von Kress bereitgestellt wurden, sowie Sch\u00e4den, die durch Nutzung nicht originaler Ersatzteile entstanden sind.<\/li>\n<\/ol>\n<p>Bei Garantieanspr\u00fcchen m\u00fcssen Sie eine Registrierung und einen Kaufnachweis in Form eines g\u00fcltigen Belegs einreichen, auf dem Datum und Ort des Kaufs zu erkennen sind.<\/p>\n<p>Diese Gew\u00e4hrleistungserkl\u00e4rung ersetzt Ihre gesetzlich garantierten Rechte<\/p>\n<p>nicht, sondern stellt eine Erg\u00e4nzung dar.<\/p>\n<p>Diese Gew\u00e4hrleistung gilt nur f\u00fcr den Original-K\u00e4ufer und kann nicht \u00fcbertragen werden.<\/p>\n<p>Alle Reparaturen und Austauschwerkzeuge werden durch eine eingeschr\u00e4nkte Garantie f\u00fcr den restlichen Gew\u00e4hrleistungszeitraum abgedeckt, der ab dem urspr\u00fcnglichen Kaufdatum beginnt.<\/p>\n<p>&nbsp;<\/p>\n","protected":false},"excerpt":{"rendered":"<p>Gew\u00e4hrleistungserkl\u00e4rung F\u00fcr Elektrowerkzeuge von Kress gilt eine Garantiezeit von einem Jahr auf Fabrikations-, Montage- und Funktionsm\u00e4ngel ab Kaufdatum, mit Ausnahme von Zubeh\u00f6r und Verbrauchsmaterialien; 2 Jahre f\u00fcr Batteriepacks und Ladeger\u00e4te. &nbsp; Die Garantiefrist kann auf 3 Jahre verl\u00e4ngert werden, wenn Sie diese Werkzeuge innerhalb von 30 Tagen nach dem urspr\u00fcnglichen Kaufdatum auf der Website eu.kresstools.com [&hellip;]<\/p>\n","protected":false},"author":9,"featured_media":0,"parent":0,"menu_order":0,"comment_status":"closed","ping_status":"closed","template":"","meta":[],"_links":{"self":[{"href":"https:\/\/eu.kresstools.com\/de\/wp-json\/wp\/v2\/pages\/10584"}],"collection":[{"href":"https:\/\/eu.kresstools.com\/de\/wp-json\/wp\/v2\/pages"}],"about":[{"href":"https:\/\/eu.kresstools.com\/de\/wp-json\/wp\/v2\/types\/page"}],"author":[{"embeddable":true,"href":"https:\/\/eu.kresstools.com\/de\/wp-json\/wp\/v2\/users\/9"}],"replies":[{"embeddable":true,"href":"https:\/\/eu.kresstools.com\/de\/wp-json\/wp\/v2\/comments?post=10584"}],"version-history":[{"count":4,"href":"https:\/\/eu.kresstools.com\/de\/wp-json\/wp\/v2\/pages\/10584\/revisions"}],"predecessor-version":[{"id":10616,"href":"https:\/\/eu.kresstools.com\/de\/wp-json\/wp\/v2\/pages\/10584\/revisions\/10616"}],"wp:attachment":[{"href":"https:\/\/eu.kresstools.com\/de\/wp-json\/wp\/v2\/media?parent=10584"}],"curies":[{"name":"wp","href":"https:\/\/api.w.org\/{rel}","templated":true}]}}